{"id":1538,"date":"2021-03-08T15:29:22","date_gmt":"2021-03-08T14:29:22","guid":{"rendered":"https:\/\/www.fluxmedicare.fr\/?page_id=1538"},"modified":"2026-02-27T10:57:59","modified_gmt":"2026-02-27T09:57:59","slug":"pdt-behandlung","status":"publish","type":"page","link":"https:\/\/www.fluxmedicare.fr\/de\/pdt-behandlung\/","title":{"rendered":"PDT-Behandlung"},"content":{"rendered":"<p>[et_pb_section fb_built=&#8220;1&#8243; _builder_version=&#8220;4.16&#8243; _module_preset=&#8220;default&#8220; background_image=&#8220;https:\/\/www.fluxmedicare.fr\/wp-content\/uploads\/2019\/10\/AdobeStock_249422618-web.jpg&#8220; background_position=&#8220;bottom_center&#8220; custom_padding=&#8220;80px|80px|25px|80px|false|false&#8220; global_colors_info=&#8220;{}&#8220;][et_pb_row column_structure=&#8220;1_2,1_2&#8243; _builder_version=&#8220;4.16&#8243; _module_preset=&#8220;default&#8220; global_colors_info=&#8220;{}&#8220;][et_pb_column type=&#8220;1_2&#8243; _builder_version=&#8220;4.16&#8243; _module_preset=&#8220;default&#8220; global_colors_info=&#8220;{}&#8220;][et_pb_text _builder_version=&#8220;4.16&#8243; _module_preset=&#8220;default&#8220; header_font=&#8220;Patua One||||||||&#8220; header_font_size=&#8220;50px&#8220; header_font_size_tablet=&#8220;42px&#8220; header_font_size_phone=&#8220;30px&#8220; header_font_size_last_edited=&#8220;on|desktop&#8220; global_colors_info=&#8220;{}&#8220;]<\/p>\n<h1>T-PDT-Lichttherapie<\/h1>\n<p>[\/et_pb_text][et_pb_divider color=&#8220;#0C71C3&#8243; divider_weight=&#8220;5px&#8220; _builder_version=&#8220;4.16&#8243; _module_preset=&#8220;default&#8220; width=&#8220;40%&#8220; custom_margin=&#8220;||10px||false|false&#8220; global_colors_info=&#8220;{}&#8220;][\/et_pb_divider][et_pb_text _builder_version=&#8220;4.27.0&#8243; _module_preset=&#8220;default&#8220; text_font=&#8220;Patua One||||||||&#8220; text_text_color=&#8220;#0A0002&#8243; text_font_size=&#8220;24px&#8220; text_line_height=&#8220;1.2em&#8220; global_colors_info=&#8220;{}&#8220;]<\/p>\n<p>Bei dem <a href=\"https:\/\/www.fluxmedicare.fr\/de\/fluxmedicare-geraet\/\">System FLUXMEDICARE\u00ae V2<\/a> handelt es sich um ein von <a href=\"https:\/\/www.fluxmedicare.fr\/de\/ueber-mdb-texinov\/\">MDB Texinov\u00ae<\/a> hergestelltes Medizinger\u00e4t der Klasse IIa gem\u00e4\u00df Verordnung (EU) 2017\/745, dessen Komformit\u00e4tsbewertung durch das Britische Institut f\u00fcr Normung BSI erfolgt ist.<br \/>Die Zubeh\u00f6rteile sind CE-gekennzeichnete<br \/>Medizinprodukte der Klasse I gem\u00e4\u00df der Verordnung\u00a0(EU) 2017\/745.<\/p>\n<p>[\/et_pb_text][\/et_pb_column][et_pb_column type=&#8220;1_2&#8243; _builder_version=&#8220;4.16&#8243; _module_preset=&#8220;default&#8220; global_colors_info=&#8220;{}&#8220;][et_pb_image src=&#8220;https:\/\/www.fluxmedicare.fr\/wp-content\/uploads\/2021\/03\/DSC_3729_2.jpg&#8220; title_text=&#8220;DSC_3729_2&#8243; _builder_version=&#8220;4.16&#8243; _module_preset=&#8220;default&#8220; animation_style=&#8220;slide&#8220; animation_direction=&#8220;right&#8220; animation_intensity_slide=&#8220;10%&#8220; box_shadow_style=&#8220;preset4&#8243; box_shadow_horizontal=&#8220;40px&#8220; box_shadow_vertical=&#8220;40px&#8220; box_shadow_color=&#8220;#0C71C3&#8243; global_colors_info=&#8220;{}&#8220;][\/et_pb_image][\/et_pb_column][\/et_pb_row][\/et_pb_section][et_pb_section fb_built=&#8220;1&#8243; _builder_version=&#8220;4.16&#8243; _module_preset=&#8220;default&#8220; custom_padding=&#8220;0px|||||&#8220; global_colors_info=&#8220;{}&#8220;][et_pb_row column_structure=&#8220;1_2,1_2&#8243; _builder_version=&#8220;4.16&#8243; _module_preset=&#8220;default&#8220; global_colors_info=&#8220;{}&#8220;][et_pb_column type=&#8220;1_2&#8243; _builder_version=&#8220;4.16&#8243; _module_preset=&#8220;default&#8220; global_colors_info=&#8220;{}&#8220;][et_pb_text _builder_version=&#8220;4.16&#8243; _module_preset=&#8220;default&#8220; text_font_size=&#8220;16px&#8220; header_4_font=&#8220;Patua One||||||||&#8220; header_4_font_size=&#8220;24px&#8220; custom_padding=&#8220;36px|36px|36px|36px|true|true&#8220; border_width_all=&#8220;1px&#8220; border_color_all=&#8220;#4AC3CD&#8220; global_colors_info=&#8220;{}&#8220;]<\/p>\n<p><strong>Klasse\/Notifizierungsstelle:<\/strong>\u00a0IIa \/ CE 2797<br \/> <strong>Hersteller:<\/strong>\u00a0MDB Texinov\u00ae<\/p>\n<p>[\/et_pb_text][\/et_pb_column][et_pb_column type=&#8220;1_2&#8243; _builder_version=&#8220;4.16&#8243; _module_preset=&#8220;default&#8220; global_colors_info=&#8220;{}&#8220;][et_pb_text _builder_version=&#8220;4.16&#8243; _module_preset=&#8220;default&#8220; text_font=&#8220;Assistant||||||||&#8220; text_font_size=&#8220;16px&#8220; text_line_height=&#8220;1.6em&#8220; global_colors_info=&#8220;{}&#8220;]<\/p>\n<p><strong>Es ist f\u00fcr medizinische Fachkr\u00e4fte im Rahmen der Behandlung bestimmter dermatologischer Erkrankungen (aktinische Keratosen des Grads OLSEN 1 und 2) bestimmt.<\/strong><\/p>\n<p>[\/et_pb_text][\/et_pb_column][\/et_pb_row][et_pb_row _builder_version=&#8220;4.16&#8243; _module_preset=&#8220;default&#8220; custom_padding=&#8220;||19px|||&#8220; global_colors_info=&#8220;{}&#8220;][et_pb_column type=&#8220;4_4&#8243; _builder_version=&#8220;4.16&#8243; _module_preset=&#8220;default&#8220; global_colors_info=&#8220;{}&#8220;][et_pb_image src=&#8220;https:\/\/www.fluxmedicare.fr\/wp-content\/uploads\/2026\/02\/Efficacite-sans-douleur-Phototherapie-Fluxmedicare.jpg&#8220; title_text=&#8220;Efficacite-sans-douleur-Phototherapie-Fluxmedicare&#8220; _builder_version=&#8220;4.27.0&#8243; _module_preset=&#8220;default&#8220; hover_enabled=&#8220;0&#8243; global_colors_info=&#8220;{}&#8220; sticky_enabled=&#8220;0&#8243;][\/et_pb_image][\/et_pb_column][\/et_pb_row][et_pb_row column_structure=&#8220;1_2,1_2&#8243; _builder_version=&#8220;4.16&#8243; _module_preset=&#8220;default&#8220; global_colors_info=&#8220;{}&#8220;][et_pb_column type=&#8220;1_2&#8243; _builder_version=&#8220;4.16&#8243; _module_preset=&#8220;default&#8220; global_colors_info=&#8220;{}&#8220;][et_pb_text _builder_version=&#8220;4.16&#8243; _module_preset=&#8220;default&#8220; text_font=&#8220;Assistant||||||||&#8220; text_text_color=&#8220;#0A0002&#8243; text_font_size=&#8220;16px&#8220; text_line_height=&#8220;1.3em&#8220; global_colors_info=&#8220;{}&#8220;]<span>Das FLUXMEDICARE\u00ae V2-Ger\u00e4t ist speziell f\u00fcr die Verwendung mit einer photosensibilisierenden Creme* entwickelt und <strong>optimiert<\/strong> <strong>die<\/strong> <strong>Gesamtbehandlungszeit bei der photodynamischen Therapie <\/strong>aktinischer Keratosen.<\/span><\/p>\n<p><span><\/span><\/p>\n<ul>\n<li>Vorherige Einwirkungsdauer der Creme: 30 min (3h f\u00fcr C-PDT)<\/li>\n<li>Belichtungsphase: 2h30 (30 min f\u00fcr C-PDT).<\/li>\n<li><strong>Gesamtgewinn: 30 min<\/strong><\/li>\n<\/ul>\n<p><span><strong>Das ganze Jahr \u00fcber einsetzbar<\/strong><\/span>: Die Behandlung ist nicht vom Tageslicht oder \u00e4u\u00dferen Klimabedingungen (schlechtes Wetter, Hitzewelle) abh\u00e4ngig.[\/et_pb_text][\/et_pb_column][et_pb_column type=&#8220;1_2&#8243; _builder_version=&#8220;4.16&#8243; _module_preset=&#8220;default&#8220; global_colors_info=&#8220;{}&#8220;][et_pb_text _builder_version=&#8220;4.27.0&#8243; _module_preset=&#8220;default&#8220; text_font=&#8220;Assistant||||||||&#8220; text_text_color=&#8220;#0A0002&#8243; text_font_size=&#8220;16px&#8220; text_line_height=&#8220;1.3em&#8220; global_colors_info=&#8220;{}&#8220;]<\/p>\n<p><strong>* Zur richtigen Verwendung dieses Produkts wird empfohlen, die in der Gebrauchsanweisung aufgef\u00fchrten Indikationen und Kontraindikationen zu befolgen:<\/strong><\/p>\n<ul>\n<li><a href=\"https:\/\/www.fluxmedicare.fr\/wp-content\/uploads\/2025\/03\/IFU-FLUXMEDV2-V2_MDR-v2.2.pdf\" target=\"_blank\" rel=\"noopener noreferrer\">des Produkts FLUXMEDICARE\u00ae V2<\/a><\/li>\n<li><a href=\"https:\/\/www.fluxmedicare.fr\/wp-content\/uploads\/2022\/09\/IFU-FLUXPROTEC-V2-072021.pdf\" target=\"_blank\" rel=\"noopener noreferrer\">Zubeh\u00f6r<\/a><\/li>\n<\/ul>\n<p><em>Das Handbuch der Vorg\u00e4ngerversion des Ger\u00e4ts finden Sie unter\u00a0<a href=\"https:\/\/www.fluxmedicare.fr\/wp-content\/uploads\/2022\/09\/IFU-FLUXMED-V70-022022.pdf\" target=\"_blank\" rel=\"noopener noreferrer\">diesem link.<\/a><\/em><br \/><span class=\"Y2IQFc\" lang=\"de\"> <\/span><\/p>\n<pre class=\"tw-data-text tw-text-large tw-ta\" data-placeholder=\"Traduction\" id=\"tw-target-text\" dir=\"ltr\"><span class=\"Y2IQFc\" lang=\"de\"><\/span><\/pre>\n<p>&nbsp;<\/p>\n<ul>\n<li><a href=\"https:\/\/www.fluxmedicare.fr\/wp-content\/uploads\/2025\/03\/MED-71-FLU-V2-UE-Declaration-of-conformity-2024-10-18.pdf\" target=\"_blank\" rel=\"noopener noreferrer\">Konformit\u00e4tserkl\u00e4rung des FLUXMEDICARE\u00ae V2 Ger\u00e4tes<\/a><\/li>\n<li><a href=\"https:\/\/www.fluxmedicare.fr\/wp-content\/uploads\/2022\/09\/MED-71-Declaration-UE-conformite-accessoire-30-07-2021-sous-MDR.pdf\" target=\"_blank\" rel=\"noopener noreferrer\">Konformit\u00e4tserkl\u00e4rung Zubeh\u00f6r<\/a><\/li>\n<\/ul>\n<p>[\/et_pb_text][\/et_pb_column][\/et_pb_row][\/et_pb_section]<\/p>\n","protected":false},"excerpt":{"rendered":"<p>T-PDT-LichttherapieBei dem System FLUXMEDICARE\u00ae V2 handelt es sich um ein von MDB Texinov\u00ae hergestelltes Medizinger\u00e4t der Klasse IIa gem\u00e4\u00df Verordnung (EU) 2017\/745, dessen Komformit\u00e4tsbewertung durch das Britische Institut f\u00fcr Normung BSI erfolgt ist.Die Zubeh\u00f6rteile sind CE-gekennzeichneteMedizinprodukte der Klasse I gem\u00e4\u00df der Verordnung\u00a0(EU) 2017\/745.Klasse\/Notifizierungsstelle:\u00a0IIa \/ CE 2797 Hersteller:\u00a0MDB Texinov\u00aeEs ist f\u00fcr medizinische Fachkr\u00e4fte im Rahmen der [&hellip;]<\/p>\n","protected":false},"author":1,"featured_media":0,"parent":0,"menu_order":0,"comment_status":"closed","ping_status":"closed","template":"","meta":{"_et_pb_use_builder":"on","_et_pb_old_content":"","_et_gb_content_width":"","_exactmetrics_skip_tracking":false,"_exactmetrics_sitenote_active":false,"_exactmetrics_sitenote_note":"","_exactmetrics_sitenote_category":0,"footnotes":""},"class_list":["post-1538","page","type-page","status-publish","hentry"],"yoast_head":"<!-- This site is optimized with the Yoast SEO plugin v23.2 - https:\/\/yoast.com\/wordpress\/plugins\/seo\/ -->\n<title>PDT-Behandlung &#8226; Fluxmedicare\u00ae<\/title>\n<meta name=\"robots\" content=\"index, follow, max-snippet:-1, max-image-preview:large, max-video-preview:-1\" \/>\n<link rel=\"canonical\" href=\"https:\/\/www.fluxmedicare.fr\/de\/pdt-behandlung\/\" \/>\n<meta property=\"og:locale\" content=\"de_DE\" \/>\n<meta property=\"og:type\" content=\"article\" \/>\n<meta property=\"og:title\" content=\"PDT-Behandlung &#8226; Fluxmedicare\u00ae\" \/>\n<meta property=\"og:description\" content=\"T-PDT-LichttherapieBei dem System FLUXMEDICARE\u00ae V2 handelt es sich um ein von MDB Texinov\u00ae hergestelltes Medizinger\u00e4t der Klasse IIa gem\u00e4\u00df Verordnung (EU) 2017\/745, dessen Komformit\u00e4tsbewertung durch das Britische Institut f\u00fcr Normung BSI erfolgt ist.Die Zubeh\u00f6rteile sind CE-gekennzeichneteMedizinprodukte der Klasse I gem\u00e4\u00df der Verordnung\u00a0(EU) 2017\/745.Klasse\/Notifizierungsstelle:\u00a0IIa \/ CE 2797 Hersteller:\u00a0MDB Texinov\u00aeEs ist f\u00fcr medizinische Fachkr\u00e4fte im Rahmen der [&hellip;]\" \/>\n<meta property=\"og:url\" content=\"https:\/\/www.fluxmedicare.fr\/de\/pdt-behandlung\/\" \/>\n<meta property=\"og:site_name\" content=\"Fluxmedicare\u00ae\" \/>\n<meta property=\"article:modified_time\" content=\"2026-02-27T09:57:59+00:00\" \/>\n<meta name=\"twitter:card\" content=\"summary_large_image\" \/>\n<script type=\"application\/ld+json\" class=\"yoast-schema-graph\">{\"@context\":\"https:\/\/schema.org\",\"@graph\":[{\"@type\":\"WebPage\",\"@id\":\"https:\/\/www.fluxmedicare.fr\/de\/pdt-behandlung\/\",\"url\":\"https:\/\/www.fluxmedicare.fr\/de\/pdt-behandlung\/\",\"name\":\"PDT-Behandlung &#8226; Fluxmedicare\u00ae\",\"isPartOf\":{\"@id\":\"https:\/\/www.fluxmedicare.fr\/#website\"},\"datePublished\":\"2021-03-08T14:29:22+00:00\",\"dateModified\":\"2026-02-27T09:57:59+00:00\",\"breadcrumb\":{\"@id\":\"https:\/\/www.fluxmedicare.fr\/de\/pdt-behandlung\/#breadcrumb\"},\"inLanguage\":\"de\",\"potentialAction\":[{\"@type\":\"ReadAction\",\"target\":[\"https:\/\/www.fluxmedicare.fr\/de\/pdt-behandlung\/\"]}]},{\"@type\":\"BreadcrumbList\",\"@id\":\"https:\/\/www.fluxmedicare.fr\/de\/pdt-behandlung\/#breadcrumb\",\"itemListElement\":[{\"@type\":\"ListItem\",\"position\":1,\"name\":\"Accueil\",\"item\":\"https:\/\/www.fluxmedicare.fr\/de\/\"},{\"@type\":\"ListItem\",\"position\":2,\"name\":\"PDT-Behandlung\"}]},{\"@type\":\"WebSite\",\"@id\":\"https:\/\/www.fluxmedicare.fr\/#website\",\"url\":\"https:\/\/www.fluxmedicare.fr\/\",\"name\":\"Fluxmedicare\u00ae\",\"description\":\"Dispositif de Phototh\u00e9rapie dynamique pour le traitement des k\u00e9ratoses actiniques par PDT Textile\",\"publisher\":{\"@id\":\"https:\/\/www.fluxmedicare.fr\/#organization\"},\"potentialAction\":[{\"@type\":\"SearchAction\",\"target\":{\"@type\":\"EntryPoint\",\"urlTemplate\":\"https:\/\/www.fluxmedicare.fr\/?s={search_term_string}\"},\"query-input\":\"required name=search_term_string\"}],\"inLanguage\":\"de\"},{\"@type\":\"Organization\",\"@id\":\"https:\/\/www.fluxmedicare.fr\/#organization\",\"name\":\"Fluxmedicare\u00ae\",\"url\":\"https:\/\/www.fluxmedicare.fr\/\",\"logo\":{\"@type\":\"ImageObject\",\"inLanguage\":\"de\",\"@id\":\"https:\/\/www.fluxmedicare.fr\/#\/schema\/logo\/image\/\",\"url\":\"https:\/\/www.fluxmedicare.fr\/wp-content\/uploads\/2019\/09\/logo_fluxmedicare.png\",\"contentUrl\":\"https:\/\/www.fluxmedicare.fr\/wp-content\/uploads\/2019\/09\/logo_fluxmedicare.png\",\"width\":496,\"height\":156,\"caption\":\"Fluxmedicare\u00ae\"},\"image\":{\"@id\":\"https:\/\/www.fluxmedicare.fr\/#\/schema\/logo\/image\/\"}}]}<\/script>\n<!-- \/ Yoast SEO plugin. -->","yoast_head_json":{"title":"PDT-Behandlung &#8226; Fluxmedicare\u00ae","robots":{"index":"index","follow":"follow","max-snippet":"max-snippet:-1","max-image-preview":"max-image-preview:large","max-video-preview":"max-video-preview:-1"},"canonical":"https:\/\/www.fluxmedicare.fr\/de\/pdt-behandlung\/","og_locale":"de_DE","og_type":"article","og_title":"PDT-Behandlung &#8226; Fluxmedicare\u00ae","og_description":"T-PDT-LichttherapieBei dem System FLUXMEDICARE\u00ae V2 handelt es sich um ein von MDB Texinov\u00ae hergestelltes Medizinger\u00e4t der Klasse IIa gem\u00e4\u00df Verordnung (EU) 2017\/745, dessen Komformit\u00e4tsbewertung durch das Britische Institut f\u00fcr Normung BSI erfolgt ist.Die Zubeh\u00f6rteile sind CE-gekennzeichneteMedizinprodukte der Klasse I gem\u00e4\u00df der Verordnung\u00a0(EU) 2017\/745.Klasse\/Notifizierungsstelle:\u00a0IIa \/ CE 2797 Hersteller:\u00a0MDB Texinov\u00aeEs ist f\u00fcr medizinische Fachkr\u00e4fte im Rahmen der [&hellip;]","og_url":"https:\/\/www.fluxmedicare.fr\/de\/pdt-behandlung\/","og_site_name":"Fluxmedicare\u00ae","article_modified_time":"2026-02-27T09:57:59+00:00","twitter_card":"summary_large_image","schema":{"@context":"https:\/\/schema.org","@graph":[{"@type":"WebPage","@id":"https:\/\/www.fluxmedicare.fr\/de\/pdt-behandlung\/","url":"https:\/\/www.fluxmedicare.fr\/de\/pdt-behandlung\/","name":"PDT-Behandlung &#8226; Fluxmedicare\u00ae","isPartOf":{"@id":"https:\/\/www.fluxmedicare.fr\/#website"},"datePublished":"2021-03-08T14:29:22+00:00","dateModified":"2026-02-27T09:57:59+00:00","breadcrumb":{"@id":"https:\/\/www.fluxmedicare.fr\/de\/pdt-behandlung\/#breadcrumb"},"inLanguage":"de","potentialAction":[{"@type":"ReadAction","target":["https:\/\/www.fluxmedicare.fr\/de\/pdt-behandlung\/"]}]},{"@type":"BreadcrumbList","@id":"https:\/\/www.fluxmedicare.fr\/de\/pdt-behandlung\/#breadcrumb","itemListElement":[{"@type":"ListItem","position":1,"name":"Accueil","item":"https:\/\/www.fluxmedicare.fr\/de\/"},{"@type":"ListItem","position":2,"name":"PDT-Behandlung"}]},{"@type":"WebSite","@id":"https:\/\/www.fluxmedicare.fr\/#website","url":"https:\/\/www.fluxmedicare.fr\/","name":"Fluxmedicare\u00ae","description":"Dispositif de Phototh\u00e9rapie dynamique pour le traitement des k\u00e9ratoses actiniques par PDT Textile","publisher":{"@id":"https:\/\/www.fluxmedicare.fr\/#organization"},"potentialAction":[{"@type":"SearchAction","target":{"@type":"EntryPoint","urlTemplate":"https:\/\/www.fluxmedicare.fr\/?s={search_term_string}"},"query-input":"required name=search_term_string"}],"inLanguage":"de"},{"@type":"Organization","@id":"https:\/\/www.fluxmedicare.fr\/#organization","name":"Fluxmedicare\u00ae","url":"https:\/\/www.fluxmedicare.fr\/","logo":{"@type":"ImageObject","inLanguage":"de","@id":"https:\/\/www.fluxmedicare.fr\/#\/schema\/logo\/image\/","url":"https:\/\/www.fluxmedicare.fr\/wp-content\/uploads\/2019\/09\/logo_fluxmedicare.png","contentUrl":"https:\/\/www.fluxmedicare.fr\/wp-content\/uploads\/2019\/09\/logo_fluxmedicare.png","width":496,"height":156,"caption":"Fluxmedicare\u00ae"},"image":{"@id":"https:\/\/www.fluxmedicare.fr\/#\/schema\/logo\/image\/"}}]}},"_links":{"self":[{"href":"https:\/\/www.fluxmedicare.fr\/de\/wp-json\/wp\/v2\/pages\/1538"}],"collection":[{"href":"https:\/\/www.fluxmedicare.fr\/de\/wp-json\/wp\/v2\/pages"}],"about":[{"href":"https:\/\/www.fluxmedicare.fr\/de\/wp-json\/wp\/v2\/types\/page"}],"author":[{"embeddable":true,"href":"https:\/\/www.fluxmedicare.fr\/de\/wp-json\/wp\/v2\/users\/1"}],"replies":[{"embeddable":true,"href":"https:\/\/www.fluxmedicare.fr\/de\/wp-json\/wp\/v2\/comments?post=1538"}],"version-history":[{"count":11,"href":"https:\/\/www.fluxmedicare.fr\/de\/wp-json\/wp\/v2\/pages\/1538\/revisions"}],"predecessor-version":[{"id":2006,"href":"https:\/\/www.fluxmedicare.fr\/de\/wp-json\/wp\/v2\/pages\/1538\/revisions\/2006"}],"wp:attachment":[{"href":"https:\/\/www.fluxmedicare.fr\/de\/wp-json\/wp\/v2\/media?parent=1538"}],"curies":[{"name":"wp","href":"https:\/\/api.w.org\/{rel}","templated":true}]}}