{"id":1536,"date":"2021-03-08T15:28:55","date_gmt":"2021-03-08T14:28:55","guid":{"rendered":"https:\/\/www.fluxmedicare.fr\/?page_id=1536"},"modified":"2026-02-27T09:53:25","modified_gmt":"2026-02-27T08:53:25","slug":"technologie","status":"publish","type":"page","link":"https:\/\/www.fluxmedicare.fr\/de\/technologie\/","title":{"rendered":"Technologie"},"content":{"rendered":"<p>[et_pb_section fb_built=&#8220;1&#8243; _builder_version=&#8220;4.16&#8243; _module_preset=&#8220;default&#8220; background_image=&#8220;https:\/\/www.fluxmedicare.fr\/wp-content\/uploads\/2019\/10\/AdobeStock_249422618-web.jpg&#8220; background_position=&#8220;bottom_center&#8220; custom_padding=&#8220;80px||||false|false&#8220; global_colors_info=&#8220;{}&#8220;][et_pb_row column_structure=&#8220;2_5,3_5&#8243; _builder_version=&#8220;4.16&#8243; _module_preset=&#8220;default&#8220; global_colors_info=&#8220;{}&#8220;][et_pb_column type=&#8220;2_5&#8243; _builder_version=&#8220;4.16&#8243; _module_preset=&#8220;default&#8220; global_colors_info=&#8220;{}&#8220;][et_pb_text _builder_version=&#8220;4.16&#8243; _module_preset=&#8220;default&#8220; header_font=&#8220;Patua One||||||||&#8220; header_font_size=&#8220;50px&#8220; header_font_size_tablet=&#8220;42px&#8220; header_font_size_phone=&#8220;30px&#8220; header_font_size_last_edited=&#8220;on|desktop&#8220; global_colors_info=&#8220;{}&#8220;]<\/p>\n<h1>Technologie<\/h1>\n<p>[\/et_pb_text][et_pb_divider color=&#8220;#0C71C3&#8243; divider_weight=&#8220;5px&#8220; _builder_version=&#8220;4.16&#8243; _module_preset=&#8220;default&#8220; width=&#8220;40%&#8220; custom_margin=&#8220;||10px||false|false&#8220; global_colors_info=&#8220;{}&#8220;][\/et_pb_divider][et_pb_text _builder_version=&#8220;4.16&#8243; _module_preset=&#8220;default&#8220; text_font=&#8220;Patua One||||||||&#8220; text_text_color=&#8220;#0A0002&#8243; text_font_size=&#8220;24px&#8220; text_line_height=&#8220;1.2em&#8220; global_colors_info=&#8220;{}&#8220;]<\/p>\n<p>FLUXMEDICARE\u00ae V2 verwendet eine Lichtdiffusionstechnologie mit ganz besonderen Eigenschaften, die sogenannte Textil-PDT. Das medizinische Ger\u00e4t T-PDT zur dynamischen Phototherapie besteht aus einem leuchtenden Textil, das mit einer Laserquelle verbunden ist.<\/p>\n<p>[\/et_pb_text][\/et_pb_column][et_pb_column type=&#8220;3_5&#8243; _builder_version=&#8220;4.16&#8243; _module_preset=&#8220;default&#8220; global_colors_info=&#8220;{}&#8220;][et_pb_video src=&#8220;https:\/\/youtu.be\/h2oC6hxTTxQ&#8220; image_src=&#8220;https:\/\/www.fluxmedicare.fr\/wp-content\/uploads\/2021\/03\/fluxmedicare-appareil-pdt-fond1.jpg&#8220; _builder_version=&#8220;4.16&#8243; _module_preset=&#8220;default&#8220; animation_style=&#8220;slide&#8220; animation_direction=&#8220;right&#8220; animation_intensity_slide=&#8220;10%&#8220; box_shadow_style=&#8220;preset4&#8243; box_shadow_horizontal=&#8220;40px&#8220; box_shadow_vertical=&#8220;40px&#8220; box_shadow_color=&#8220;#0C71C3&#8243; global_colors_info=&#8220;{}&#8220;][\/et_pb_video][\/et_pb_column][\/et_pb_row][\/et_pb_section][et_pb_section fb_built=&#8220;1&#8243; _builder_version=&#8220;4.16&#8243; _module_preset=&#8220;default&#8220; global_colors_info=&#8220;{}&#8220;][et_pb_row column_structure=&#8220;1_2,1_2&#8243; _builder_version=&#8220;4.16&#8243; _module_preset=&#8220;default&#8220; global_colors_info=&#8220;{}&#8220;][et_pb_column type=&#8220;1_2&#8243; _builder_version=&#8220;4.16&#8243; _module_preset=&#8220;default&#8220; global_colors_info=&#8220;{}&#8220;][et_pb_divider color=&#8220;#4AC3CD&#8220; divider_weight=&#8220;5px&#8220; _builder_version=&#8220;4.16&#8243; _module_preset=&#8220;default&#8220; width=&#8220;40%&#8220; custom_margin=&#8220;||10px||false|false&#8220; global_colors_info=&#8220;{}&#8220;][\/et_pb_divider][et_pb_text _builder_version=&#8220;4.16&#8243; _module_preset=&#8220;default&#8220; header_2_font=&#8220;Patua One||||||||&#8220; header_2_text_color=&#8220;#0A0002&#8243; header_2_font_size=&#8220;40px&#8220; header_2_font_size_tablet=&#8220;32px&#8220; header_2_font_size_phone=&#8220;30px&#8220; header_2_font_size_last_edited=&#8220;on|phone&#8220; global_colors_info=&#8220;{}&#8220;]<\/p>\n<h2>Inwiefern ist unsere Technologie exklusiv?<\/h2>\n<p>[\/et_pb_text][et_pb_text _builder_version=&#8220;4.16&#8243; _module_preset=&#8220;default&#8220; text_font=&#8220;Patua One||||||||&#8220; text_text_color=&#8220;#4AC3CD&#8220; text_font_size=&#8220;24px&#8220; text_line_height=&#8220;1.3em&#8220; global_colors_info=&#8220;{}&#8220;]<\/p>\n<p>Das Licht kommt aus lichtleitenden Fasern, die direkt in das Textil eingearbeitet sind. Diese Technologie ist ein von <a href=\"https:\/\/www.fluxmedicare.fr\/a-propos-de-mdb-texinov\/\">MDB Texinov\u00ae<\/a> entwickeltes patentiertes Strickverfahren.<\/p>\n<p>[\/et_pb_text][\/et_pb_column][et_pb_column type=&#8220;1_2&#8243; _builder_version=&#8220;4.16&#8243; _module_preset=&#8220;default&#8220; global_colors_info=&#8220;{}&#8220;][et_pb_image src=&#8220;https:\/\/www.fluxmedicare.fr\/wp-content\/uploads\/2021\/03\/DSC_3412-1.jpg&#8220; title_text=&#8220;DSC_3412&#8243; _builder_version=&#8220;4.16&#8243; _module_preset=&#8220;default&#8220; global_colors_info=&#8220;{}&#8220;][\/et_pb_image][\/et_pb_column][\/et_pb_row][et_pb_row _builder_version=&#8220;4.16&#8243; _module_preset=&#8220;default&#8220; custom_padding=&#8220;||19px|||&#8220; global_colors_info=&#8220;{}&#8220;][et_pb_column type=&#8220;4_4&#8243; _builder_version=&#8220;4.16&#8243; _module_preset=&#8220;default&#8220; global_colors_info=&#8220;{}&#8220;][et_pb_text _builder_version=&#8220;4.16&#8243; _module_preset=&#8220;default&#8220; header_3_font=&#8220;Patua One||||||||&#8220; header_3_text_align=&#8220;center&#8220; header_3_text_color=&#8220;#0A0002&#8243; header_3_font_size=&#8220;32px&#8220; global_colors_info=&#8220;{}&#8220;]<\/p>\n<h3>Es hat zahlreiche Vorteile:<\/h3>\n<p>[\/et_pb_text][et_pb_divider color=&#8220;#0C71C3&#8243; divider_weight=&#8220;5px&#8220; _builder_version=&#8220;4.16&#8243; _module_preset=&#8220;default&#8220; width=&#8220;20%&#8220; module_alignment=&#8220;center&#8220; custom_margin=&#8220;||10px||false|false&#8220; global_colors_info=&#8220;{}&#8220;][\/et_pb_divider][\/et_pb_column][\/et_pb_row][et_pb_row column_structure=&#8220;1_5,1_5,1_5,1_5,1_5&#8243; _builder_version=&#8220;4.16&#8243; _module_preset=&#8220;default&#8220; custom_padding=&#8220;0px|||||&#8220; global_colors_info=&#8220;{}&#8220;][et_pb_column type=&#8220;1_5&#8243; _builder_version=&#8220;4.16&#8243; _module_preset=&#8220;default&#8220; global_colors_info=&#8220;{}&#8220;][et_pb_text _builder_version=&#8220;4.16&#8243; _module_preset=&#8220;default&#8220; text_font=&#8220;Patua One||||||||&#8220; text_text_color=&#8220;#4AC3CD&#8220; text_font_size=&#8220;18px&#8220; text_orientation=&#8220;center&#8220; global_colors_info=&#8220;{}&#8220;]<\/p>\n<p>Keine W\u00e4rmeabgabe durch<span style=\"color: #000000;\"> das Textil (1) <\/span><\/p>\n<p>[\/et_pb_text][\/et_pb_column][et_pb_column type=&#8220;1_5&#8243; _builder_version=&#8220;4.16&#8243; _module_preset=&#8220;default&#8220; global_colors_info=&#8220;{}&#8220;][et_pb_text _builder_version=&#8220;4.16&#8243; _module_preset=&#8220;default&#8220; text_font=&#8220;Patua One||||||||&#8220; text_text_color=&#8220;#4AC3CD&#8220; text_font_size=&#8220;18px&#8220; text_orientation=&#8220;center&#8220; global_colors_info=&#8220;{}&#8220;]<\/p>\n<p>Einzigartige Lichthomogenit\u00e4t<\/p>\n<p>[\/et_pb_text][\/et_pb_column][et_pb_column type=&#8220;1_5&#8243; _builder_version=&#8220;4.16&#8243; _module_preset=&#8220;default&#8220; global_colors_info=&#8220;{}&#8220;][et_pb_text _builder_version=&#8220;4.16&#8243; _module_preset=&#8220;default&#8220; text_font=&#8220;Patua One||||||||&#8220; text_text_color=&#8220;#4AC3CD&#8220; text_font_size=&#8220;18px&#8220; text_orientation=&#8220;center&#8220; custom_margin=&#8220;|-3px||-3px||&#8220; custom_padding=&#8220;|0px||||&#8220; global_colors_info=&#8220;{}&#8220;]<\/p>\n<p>Flexibilit\u00e4t und Anpassungsf\u00e4higkeit <span style=\"color: #000000;\">des Textils<\/span><\/p>\n<p>[\/et_pb_text][\/et_pb_column][et_pb_column type=&#8220;1_5&#8243; _builder_version=&#8220;4.16&#8243; _module_preset=&#8220;default&#8220; global_colors_info=&#8220;{}&#8220;][et_pb_text _builder_version=&#8220;4.16&#8243; _module_preset=&#8220;default&#8220; text_font=&#8220;Patua One||||||||&#8220; text_text_color=&#8220;#4AC3CD&#8220; text_font_size=&#8220;18px&#8220; text_orientation=&#8220;center&#8220; global_colors_info=&#8220;{}&#8220;]<\/p>\n<p>Verschiedene Gr\u00f6\u00dfen von Textilien verf\u00fcgbar, je nach zu behandelnder Fl\u00e4che<\/p>\n<p>[\/et_pb_text][\/et_pb_column][et_pb_column type=&#8220;1_5&#8243; _builder_version=&#8220;4.16&#8243; _module_preset=&#8220;default&#8220; global_colors_info=&#8220;{}&#8220;][et_pb_text _builder_version=&#8220;4.16&#8243; _module_preset=&#8220;default&#8220; text_font=&#8220;Patua One||||||||&#8220; text_text_color=&#8220;#4AC3CD&#8220; text_font_size=&#8220;18px&#8220; text_orientation=&#8220;center&#8220; global_colors_info=&#8220;{}&#8220;]<\/p>\n<p>Nachgewiesene Wirksamkeit der Behandlung (2)<\/p>\n<p>[\/et_pb_text][\/et_pb_column][\/et_pb_row][et_pb_row column_structure=&#8220;1_2,1_2&#8243; _builder_version=&#8220;4.16&#8243; _module_preset=&#8220;default&#8220; global_colors_info=&#8220;{}&#8220;][et_pb_column type=&#8220;1_2&#8243; _builder_version=&#8220;4.16&#8243; _module_preset=&#8220;default&#8220; global_colors_info=&#8220;{}&#8220;][et_pb_image src=&#8220;https:\/\/www.fluxmedicare.fr\/wp-content\/uploads\/2026\/02\/Irradiance-Phototherapie-fluxmedicare.jpg&#8220; title_text=&#8220;Irradiance-Phototherapie-fluxmedicare&#8220; show_bottom_space=&#8220;off&#8220; _builder_version=&#8220;4.27.0&#8243; _module_preset=&#8220;default&#8220; hover_enabled=&#8220;0&#8243; global_colors_info=&#8220;{}&#8220; sticky_enabled=&#8220;0&#8243;][\/et_pb_image][et_pb_text _builder_version=&#8220;4.16&#8243; _module_preset=&#8220;default&#8220; text_font=&#8220;Patua One||||||||&#8220; text_text_color=&#8220;#FFFFFF&#8220; text_font_size=&#8220;18px&#8220; link_font=&#8220;||||on||||&#8220; link_text_color=&#8220;#FFFFFF&#8220; background_color=&#8220;#0C71C3&#8243; custom_margin=&#8220;0px||||false|false&#8220; custom_padding=&#8220;36px|36px|36px|36px|true|true&#8220; global_colors_info=&#8220;{}&#8220;]<\/p>\n<p>Selbst mit einer geringeren Lichtdosis bleibt die Behandlung wirksam: <a href=\"https:\/\/doi.org\/10.1111\/bjd.18048\"><\/a><a href=\"https:\/\/doi.org\/10.1111\/bjd.18048\">Die offizielle Ver\u00f6ffentlichung der klinischen Studie<\/a><a href=\"https:\/\/doi.org\/10.1111\/bjd.18048\"><\/a>\u00a0(2) ist im, British Journal of Dermatology\u201c erh\u00e4ltlich.<\/p>\n<p>[\/et_pb_text][\/et_pb_column][et_pb_column type=&#8220;1_2&#8243; _builder_version=&#8220;4.16&#8243; _module_preset=&#8220;default&#8220; global_colors_info=&#8220;{}&#8220;][et_pb_text _builder_version=&#8220;4.16&#8243; _module_preset=&#8220;default&#8220; text_font=&#8220;Assistant||||||||&#8220; text_font_size=&#8220;16px&#8220; text_line_height=&#8220;1.6em&#8220; global_colors_info=&#8220;{}&#8220;]<\/p>\n<p><strong><span>Die durchschnittliche Beleuchtungsst\u00e4rke des leuchtenden Textils ist auf der gesamten behandelten Fl\u00e4che<\/span><\/strong><span> <strong>einheitlich<\/strong>. Das Textil ist vollkommen <strong>anpassungsf\u00e4hig und passt sich der Morphologie des Patienten <\/strong>an. So werden alle <strong>Bereiche mit L\u00e4sionen in gleicher Weise behandelt<\/strong>.<\/span><\/p>\n<p>[\/et_pb_text][et_pb_text _builder_version=&#8220;4.16&#8243; _module_preset=&#8220;default&#8220; header_4_font=&#8220;Patua One||||||||&#8220; header_4_font_size=&#8220;24px&#8220; custom_padding=&#8220;36px|36px|36px|36px|true|true&#8220; border_width_all=&#8220;1px&#8220; border_color_all=&#8220;#4AC3CD&#8220; global_colors_info=&#8220;{}&#8220;]<\/p>\n<h4>Technische Merkmale<\/h4>\n<ul>\n<li><strong>Wellenl\u00e4nge:\u00a0<\/strong>638 nm (rotes Licht aus Diodenlaser)<\/li>\n<li><strong>Lichtdosis (Fluenz):\u00a0<\/strong>12 J\/cm\u00b2<\/li>\n<li><strong>Durchschnittlicher Bestrahlungswert<\/strong><strong>:<\/strong> 1,3 mW\/cm\u00b2<\/li>\n<li><strong>Maximale effektive Bestrahlungsfl\u00e4che<\/strong>: 360 cm\u00b2<\/li>\n<\/ul>\n<p>[\/et_pb_text][\/et_pb_column][\/et_pb_row][et_pb_row _builder_version=&#8220;4.16&#8243; _module_preset=&#8220;default&#8220; global_colors_info=&#8220;{}&#8220;][et_pb_column type=&#8220;4_4&#8243; _builder_version=&#8220;4.16&#8243; _module_preset=&#8220;default&#8220; global_colors_info=&#8220;{}&#8220;][et_pb_image src=&#8220;https:\/\/www.fluxmedicare.fr\/wp-content\/uploads\/2021\/03\/DSC_3592_2.jpg&#8220; title_text=&#8220;DSC_3592_2&#8243; _builder_version=&#8220;4.16&#8243; _module_preset=&#8220;default&#8220; global_colors_info=&#8220;{}&#8220;][\/et_pb_image][et_pb_text _builder_version=&#8220;4.16&#8243; _module_preset=&#8220;default&#8220; text_font=&#8220;Assistant||on||||||&#8220; text_text_color=&#8220;#666666&#8243; text_font_size=&#8220;12px&#8220; global_colors_info=&#8220;{}&#8220;]<\/p>\n<p>(1) Siehe Publikationen: Mordon, S., et al, Light emitting fabric technologies for photodynamic therapy. Photodiagnosis Photodyn Ther, 2015. 12(1): p. 1-8.<br \/>E. Thecua, C.V., A-S. Vignion, F. Lecomte, P. Deleporte, et al. Light emitting fabric for photodynamic treatment of actinic keratosis. in SPIE BIOS. 2017. San Francisco<\/p>\n<p>(2) Der Schmerz des Patienten wird also zwischen 0 und 1 von 10 bewertet (10 ist die maximal vorstellbare Schmerzstufe), wobei das vollst\u00e4ndige Ansprechen der L\u00e4sionen im behandelten pr\u00e4kanzer\u00f6sen Bereich gleich gut ist. Hervorgegangen aus dem europ\u00e4ischen Projekt <a href=\"http:\/\/www.phosistos.com\/\">PHOS-ISTOS<\/a> (FP7-CIP-ICTPSP-2013.3.5) und <em>in Partnerschaft mit dem Nationalen Institut f\u00fcr Gesundheitswesen und medizinische Forschung INSERM in Lille in Frankreich (U 1189 <\/em><em>\u2013<\/em>\u00a0Laboratoire\u00a0<a href=\"http:\/\/www.oncothai.fr\/fr\/\">OncoThAI<\/a>),\u00a0<a href=\"https:\/\/www.chu-lille.fr\/\">CHU de Lille<\/a> <em>und dem <\/em><a href=\"https:\/\/www.klinikum-vest.de\/\">Klinikum Vest<\/a> <em>in Recklinghausen entwickelt. Die offizielle Ver\u00f6ffentlichung der klinischen Studie ist im \u201eBritish Journal of Dermatology\u201c erh\u00e4ltlich:<\/em><em>\u00a0<\/em><a href=\"https:\/\/doi.org\/10.1111\/bjd.18048\">https:\/\/doi.org\/10.1111\/bjd.18048<\/a><\/p>\n<p><em>Mordon, S., et al., The conventional protocol versus a protocol including illumination with a fabric-based biophotonic device (the Phosistos protocol) in photodynamic therapy for actinic keratosis: a randomized, controlled, non-inferiority clinical study. Br J Dermatol, 2019.<\/em><\/p>\n<p>[\/et_pb_text][\/et_pb_column][\/et_pb_row][\/et_pb_section]<\/p>\n","protected":false},"excerpt":{"rendered":"<p>TechnologieFLUXMEDICARE\u00ae V2 verwendet eine Lichtdiffusionstechnologie mit ganz besonderen Eigenschaften, die sogenannte Textil-PDT. Das medizinische Ger\u00e4t T-PDT zur dynamischen Phototherapie besteht aus einem leuchtenden Textil, das mit einer Laserquelle verbunden ist.Inwiefern ist unsere Technologie exklusiv?Das Licht kommt aus lichtleitenden Fasern, die direkt in das Textil eingearbeitet sind. Diese Technologie ist ein von MDB Texinov\u00ae entwickeltes patentiertes [&hellip;]<\/p>\n","protected":false},"author":1,"featured_media":0,"parent":0,"menu_order":0,"comment_status":"closed","ping_status":"closed","template":"","meta":{"_et_pb_use_builder":"on","_et_pb_old_content":"","_et_gb_content_width":"","_exactmetrics_skip_tracking":false,"_exactmetrics_sitenote_active":false,"_exactmetrics_sitenote_note":"","_exactmetrics_sitenote_category":0,"footnotes":""},"class_list":["post-1536","page","type-page","status-publish","hentry"],"yoast_head":"<!-- This site is optimized with the Yoast SEO plugin v23.2 - https:\/\/yoast.com\/wordpress\/plugins\/seo\/ -->\n<title>Textil-PDT-Technologie &#8226; Photodynamische Therapie &#8226; Fluxmedicare\u00ae<\/title>\n<meta name=\"description\" content=\"Die von der Laserquelle betriebene Textil-PDT-Lichttechnologie streut das Licht gleichm\u00e4\u00dfig, um pr\u00e4kanzer\u00f6se L\u00e4sionen zu behandeln.\" \/>\n<meta name=\"robots\" content=\"noindex, follow\" \/>\n<meta property=\"og:locale\" content=\"de_DE\" \/>\n<meta property=\"og:type\" content=\"article\" \/>\n<meta property=\"og:title\" content=\"Textil-PDT-Technologie &#8226; Photodynamische Therapie &#8226; Fluxmedicare\u00ae\" \/>\n<meta property=\"og:description\" content=\"Die von der Laserquelle betriebene Textil-PDT-Lichttechnologie streut das Licht gleichm\u00e4\u00dfig, um pr\u00e4kanzer\u00f6se L\u00e4sionen zu behandeln.\" \/>\n<meta property=\"og:url\" content=\"https:\/\/www.fluxmedicare.fr\/de\/technologie\/\" \/>\n<meta property=\"og:site_name\" content=\"Fluxmedicare\u00ae\" \/>\n<meta property=\"article:modified_time\" content=\"2026-02-27T08:53:25+00:00\" \/>\n<meta name=\"twitter:card\" content=\"summary_large_image\" \/>\n<meta name=\"twitter:label1\" content=\"Gesch\u00e4tzte Lesezeit\" \/>\n\t<meta name=\"twitter:data1\" content=\"3\u00a0Minuten\" \/>\n<script type=\"application\/ld+json\" class=\"yoast-schema-graph\">{\"@context\":\"https:\/\/schema.org\",\"@graph\":[{\"@type\":\"WebPage\",\"@id\":\"https:\/\/www.fluxmedicare.fr\/de\/technologie\/\",\"url\":\"https:\/\/www.fluxmedicare.fr\/de\/technologie\/\",\"name\":\"Textil-PDT-Technologie &#8226; Photodynamische Therapie &#8226; Fluxmedicare\u00ae\",\"isPartOf\":{\"@id\":\"https:\/\/www.fluxmedicare.fr\/#website\"},\"datePublished\":\"2021-03-08T14:28:55+00:00\",\"dateModified\":\"2026-02-27T08:53:25+00:00\",\"description\":\"Die von der Laserquelle betriebene Textil-PDT-Lichttechnologie streut das Licht gleichm\u00e4\u00dfig, um pr\u00e4kanzer\u00f6se L\u00e4sionen zu behandeln.\",\"breadcrumb\":{\"@id\":\"https:\/\/www.fluxmedicare.fr\/de\/technologie\/#breadcrumb\"},\"inLanguage\":\"de\",\"potentialAction\":[{\"@type\":\"ReadAction\",\"target\":[\"https:\/\/www.fluxmedicare.fr\/de\/technologie\/\"]}]},{\"@type\":\"BreadcrumbList\",\"@id\":\"https:\/\/www.fluxmedicare.fr\/de\/technologie\/#breadcrumb\",\"itemListElement\":[{\"@type\":\"ListItem\",\"position\":1,\"name\":\"Accueil\",\"item\":\"https:\/\/www.fluxmedicare.fr\/de\/\"},{\"@type\":\"ListItem\",\"position\":2,\"name\":\"Technologie\"}]},{\"@type\":\"WebSite\",\"@id\":\"https:\/\/www.fluxmedicare.fr\/#website\",\"url\":\"https:\/\/www.fluxmedicare.fr\/\",\"name\":\"Fluxmedicare\u00ae\",\"description\":\"Dispositif de Phototh\u00e9rapie dynamique pour le traitement des k\u00e9ratoses actiniques par PDT Textile\",\"publisher\":{\"@id\":\"https:\/\/www.fluxmedicare.fr\/#organization\"},\"potentialAction\":[{\"@type\":\"SearchAction\",\"target\":{\"@type\":\"EntryPoint\",\"urlTemplate\":\"https:\/\/www.fluxmedicare.fr\/?s={search_term_string}\"},\"query-input\":\"required name=search_term_string\"}],\"inLanguage\":\"de\"},{\"@type\":\"Organization\",\"@id\":\"https:\/\/www.fluxmedicare.fr\/#organization\",\"name\":\"Fluxmedicare\u00ae\",\"url\":\"https:\/\/www.fluxmedicare.fr\/\",\"logo\":{\"@type\":\"ImageObject\",\"inLanguage\":\"de\",\"@id\":\"https:\/\/www.fluxmedicare.fr\/#\/schema\/logo\/image\/\",\"url\":\"https:\/\/www.fluxmedicare.fr\/wp-content\/uploads\/2019\/09\/logo_fluxmedicare.png\",\"contentUrl\":\"https:\/\/www.fluxmedicare.fr\/wp-content\/uploads\/2019\/09\/logo_fluxmedicare.png\",\"width\":496,\"height\":156,\"caption\":\"Fluxmedicare\u00ae\"},\"image\":{\"@id\":\"https:\/\/www.fluxmedicare.fr\/#\/schema\/logo\/image\/\"}}]}<\/script>\n<!-- \/ Yoast SEO plugin. -->","yoast_head_json":{"title":"Textil-PDT-Technologie &#8226; Photodynamische Therapie &#8226; Fluxmedicare\u00ae","description":"Die von der Laserquelle betriebene Textil-PDT-Lichttechnologie streut das Licht gleichm\u00e4\u00dfig, um pr\u00e4kanzer\u00f6se L\u00e4sionen zu behandeln.","robots":{"index":"noindex","follow":"follow"},"og_locale":"de_DE","og_type":"article","og_title":"Textil-PDT-Technologie &#8226; Photodynamische Therapie &#8226; Fluxmedicare\u00ae","og_description":"Die von der Laserquelle betriebene Textil-PDT-Lichttechnologie streut das Licht gleichm\u00e4\u00dfig, um pr\u00e4kanzer\u00f6se L\u00e4sionen zu behandeln.","og_url":"https:\/\/www.fluxmedicare.fr\/de\/technologie\/","og_site_name":"Fluxmedicare\u00ae","article_modified_time":"2026-02-27T08:53:25+00:00","twitter_card":"summary_large_image","twitter_misc":{"Gesch\u00e4tzte Lesezeit":"3\u00a0Minuten"},"schema":{"@context":"https:\/\/schema.org","@graph":[{"@type":"WebPage","@id":"https:\/\/www.fluxmedicare.fr\/de\/technologie\/","url":"https:\/\/www.fluxmedicare.fr\/de\/technologie\/","name":"Textil-PDT-Technologie &#8226; Photodynamische Therapie &#8226; Fluxmedicare\u00ae","isPartOf":{"@id":"https:\/\/www.fluxmedicare.fr\/#website"},"datePublished":"2021-03-08T14:28:55+00:00","dateModified":"2026-02-27T08:53:25+00:00","description":"Die von der Laserquelle betriebene Textil-PDT-Lichttechnologie streut das Licht gleichm\u00e4\u00dfig, um pr\u00e4kanzer\u00f6se L\u00e4sionen zu behandeln.","breadcrumb":{"@id":"https:\/\/www.fluxmedicare.fr\/de\/technologie\/#breadcrumb"},"inLanguage":"de","potentialAction":[{"@type":"ReadAction","target":["https:\/\/www.fluxmedicare.fr\/de\/technologie\/"]}]},{"@type":"BreadcrumbList","@id":"https:\/\/www.fluxmedicare.fr\/de\/technologie\/#breadcrumb","itemListElement":[{"@type":"ListItem","position":1,"name":"Accueil","item":"https:\/\/www.fluxmedicare.fr\/de\/"},{"@type":"ListItem","position":2,"name":"Technologie"}]},{"@type":"WebSite","@id":"https:\/\/www.fluxmedicare.fr\/#website","url":"https:\/\/www.fluxmedicare.fr\/","name":"Fluxmedicare\u00ae","description":"Dispositif de Phototh\u00e9rapie dynamique pour le traitement des k\u00e9ratoses actiniques par PDT Textile","publisher":{"@id":"https:\/\/www.fluxmedicare.fr\/#organization"},"potentialAction":[{"@type":"SearchAction","target":{"@type":"EntryPoint","urlTemplate":"https:\/\/www.fluxmedicare.fr\/?s={search_term_string}"},"query-input":"required name=search_term_string"}],"inLanguage":"de"},{"@type":"Organization","@id":"https:\/\/www.fluxmedicare.fr\/#organization","name":"Fluxmedicare\u00ae","url":"https:\/\/www.fluxmedicare.fr\/","logo":{"@type":"ImageObject","inLanguage":"de","@id":"https:\/\/www.fluxmedicare.fr\/#\/schema\/logo\/image\/","url":"https:\/\/www.fluxmedicare.fr\/wp-content\/uploads\/2019\/09\/logo_fluxmedicare.png","contentUrl":"https:\/\/www.fluxmedicare.fr\/wp-content\/uploads\/2019\/09\/logo_fluxmedicare.png","width":496,"height":156,"caption":"Fluxmedicare\u00ae"},"image":{"@id":"https:\/\/www.fluxmedicare.fr\/#\/schema\/logo\/image\/"}}]}},"_links":{"self":[{"href":"https:\/\/www.fluxmedicare.fr\/de\/wp-json\/wp\/v2\/pages\/1536"}],"collection":[{"href":"https:\/\/www.fluxmedicare.fr\/de\/wp-json\/wp\/v2\/pages"}],"about":[{"href":"https:\/\/www.fluxmedicare.fr\/de\/wp-json\/wp\/v2\/types\/page"}],"author":[{"embeddable":true,"href":"https:\/\/www.fluxmedicare.fr\/de\/wp-json\/wp\/v2\/users\/1"}],"replies":[{"embeddable":true,"href":"https:\/\/www.fluxmedicare.fr\/de\/wp-json\/wp\/v2\/comments?post=1536"}],"version-history":[{"count":11,"href":"https:\/\/www.fluxmedicare.fr\/de\/wp-json\/wp\/v2\/pages\/1536\/revisions"}],"predecessor-version":[{"id":1985,"href":"https:\/\/www.fluxmedicare.fr\/de\/wp-json\/wp\/v2\/pages\/1536\/revisions\/1985"}],"wp:attachment":[{"href":"https:\/\/www.fluxmedicare.fr\/de\/wp-json\/wp\/v2\/media?parent=1536"}],"curies":[{"name":"wp","href":"https:\/\/api.w.org\/{rel}","templated":true}]}}