{"id":1534,"date":"2021-03-08T15:28:36","date_gmt":"2021-03-08T14:28:36","guid":{"rendered":"https:\/\/www.fluxmedicare.fr\/?page_id=1534"},"modified":"2026-02-27T10:54:33","modified_gmt":"2026-02-27T09:54:33","slug":"fluxmedicare-geraet","status":"publish","type":"page","link":"https:\/\/www.fluxmedicare.fr\/de\/fluxmedicare-geraet\/","title":{"rendered":"FLUXMEDICARE\u00ae-Ger\u00e4t"},"content":{"rendered":"<p>[et_pb_section fb_built=&#8220;1&#8243; _builder_version=&#8220;4.16&#8243; _module_preset=&#8220;default&#8220; background_image=&#8220;https:\/\/www.fluxmedicare.fr\/wp-content\/uploads\/2021\/03\/AdobeStock_267118342-web.jpg&#8220; background_size=&#8220;contain&#8220; background_position=&#8220;top_center&#8220; custom_padding=&#8220;||29px|||&#8220; global_colors_info=&#8220;{}&#8220;][et_pb_row column_structure=&#8220;2_5,3_5&#8243; _builder_version=&#8220;4.16&#8243; _module_preset=&#8220;default&#8220; global_colors_info=&#8220;{}&#8220;][et_pb_column type=&#8220;2_5&#8243; _builder_version=&#8220;4.16&#8243; _module_preset=&#8220;default&#8220; global_colors_info=&#8220;{}&#8220;][et_pb_text _builder_version=&#8220;4.16&#8243; _module_preset=&#8220;default&#8220; header_font=&#8220;Patua One||||||||&#8220; header_text_color=&#8220;#0A0002&#8243; header_font_size=&#8220;50px&#8220; custom_margin=&#8220;||17px|||&#8220; header_font_size_tablet=&#8220;42px&#8220; header_font_size_phone=&#8220;30px&#8220; header_font_size_last_edited=&#8220;on|phone&#8220; global_colors_info=&#8220;{}&#8220;]<\/p>\n<h1>FLUXMEDICARE\u00ae -Ger\u00e4t<\/h1>\n<p>[\/et_pb_text][et_pb_divider color=&#8220;#0C71C3&#8243; divider_weight=&#8220;5px&#8220; _builder_version=&#8220;4.16&#8243; _module_preset=&#8220;default&#8220; width=&#8220;130px&#8220; custom_margin=&#8220;||10px||false|false&#8220; global_colors_info=&#8220;{}&#8220;][\/et_pb_divider][et_pb_text _builder_version=&#8220;4.16&#8243; _module_preset=&#8220;default&#8220; text_font=&#8220;Patua One||||||||&#8220; text_text_color=&#8220;#0A0002&#8243; text_font_size=&#8220;24px&#8220; text_line_height=&#8220;1.2em&#8220; global_colors_info=&#8220;{}&#8220;]<\/p>\n<p>FLUXMEDICARE\u00ae V2, eine f\u00fcr Dermatologen und ihre Patienten entwickelte L\u00f6sung zur Behandlung pr\u00e4kanzer\u00f6ser Hautl\u00e4sionen mittels photodynamischer Therapie (PDT).<\/p>\n<p>[\/et_pb_text][\/et_pb_column][et_pb_column type=&#8220;3_5&#8243; _builder_version=&#8220;4.16&#8243; _module_preset=&#8220;default&#8220; global_colors_info=&#8220;{}&#8220;][et_pb_image src=&#8220;https:\/\/www.fluxmedicare.fr\/wp-content\/uploads\/2026\/02\/Patient-Therapie-Keratose-fluxmedicare.jpg&#8220; title_text=&#8220;Patient-Therapie-Keratose-fluxmedicare&#8220; _builder_version=&#8220;4.27.0&#8243; _module_preset=&#8220;default&#8220; width=&#8220;80%&#8220; width_tablet=&#8220;80%&#8220; width_phone=&#8220;100%&#8220; width_last_edited=&#8220;on|phone&#8220; custom_margin=&#8220;||0px||false|false&#8220; hover_enabled=&#8220;0&#8243; box_shadow_style=&#8220;preset4&#8243; box_shadow_horizontal=&#8220;40px&#8220; box_shadow_vertical=&#8220;40px&#8220; box_shadow_color=&#8220;#4AC3CD&#8220; global_colors_info=&#8220;{}&#8220; sticky_enabled=&#8220;0&#8243;][\/et_pb_image][et_pb_text _builder_version=&#8220;4.16&#8243; _module_preset=&#8220;default&#8220; text_font=&#8220;Assistant|700|||||||&#8220; text_text_color=&#8220;#FFFFFF&#8220; text_font_size=&#8220;16px&#8220; link_font=&#8220;||||on|||#FFFFFF|&#8220; link_text_color=&#8220;#FFFFFF&#8220; background_color=&#8220;#0C71C3&#8243; width=&#8220;60%&#8220; width_tablet=&#8220;80%&#8220; width_phone=&#8220;100%&#8220; width_last_edited=&#8220;on|phone&#8220; module_alignment=&#8220;right&#8220; custom_margin=&#8220;0px||||false|false&#8220; custom_padding=&#8220;36px|36px|36px|36px|true|true&#8220; animation_style=&#8220;slide&#8220; animation_direction=&#8220;bottom&#8220; animation_intensity_slide=&#8220;10%&#8220; global_colors_info=&#8220;{}&#8220;]<\/p>\n<p>\u201eDie FLUXMEDICARE\u00ae-L\u00f6sung \u00fcberzeugte bereits die Dermatologie-Abteilungen von :<a href=\"https:\/\/www.chu-lille.fr\/\">\u00a0CHU de Lille<\/a>, <a href=\"http:\/\/centre-dermatologie-laser-esthetique.eu\/\">Centre Laser Dermatologique et Esth\u00e9tique<\/a> in Marseille\u00a0(Frankreich) und <a href=\"https:\/\/www.klinikum-vest.de\/\">Klinikum Vest<\/a>\u00a0(Deutschland). \u201c<\/p>\n<p>[\/et_pb_text][\/et_pb_column][\/et_pb_row][et_pb_row _builder_version=&#8220;4.16&#8243; _module_preset=&#8220;default&#8220; custom_padding=&#8220;||0px|||&#8220; global_colors_info=&#8220;{}&#8220;][et_pb_column type=&#8220;4_4&#8243; _builder_version=&#8220;4.16&#8243; _module_preset=&#8220;default&#8220; global_colors_info=&#8220;{}&#8220;][et_pb_divider color=&#8220;#4AC3CD&#8220; divider_weight=&#8220;5px&#8220; _builder_version=&#8220;4.16&#8243; _module_preset=&#8220;default&#8220; width=&#8220;130px&#8220; custom_margin=&#8220;||10px||false|false&#8220; global_colors_info=&#8220;{}&#8220;][\/et_pb_divider][et_pb_text _builder_version=&#8220;4.16&#8243; _module_preset=&#8220;default&#8220; header_2_font=&#8220;Patua One||||||||&#8220; header_2_text_color=&#8220;#4AC3CD&#8220; header_2_font_size=&#8220;24px&#8220; global_colors_info=&#8220;{}&#8220;]<\/p>\n<h2>Der patient: komfort, gelassenheit und mobilit\u00e4t<\/h2>\n<p>[\/et_pb_text][\/et_pb_column][\/et_pb_row][et_pb_row column_structure=&#8220;1_2,1_2&#8243; _builder_version=&#8220;4.16&#8243; _module_preset=&#8220;default&#8220; global_colors_info=&#8220;{}&#8220;][et_pb_column type=&#8220;1_2&#8243; _builder_version=&#8220;4.16&#8243; _module_preset=&#8220;default&#8220; global_colors_info=&#8220;{}&#8220;][et_pb_text _builder_version=&#8220;4.16&#8243; _module_preset=&#8220;default&#8220; text_font=&#8220;Assistant||||||||&#8220; text_text_color=&#8220;#0A0002&#8243; text_font_size=&#8220;16px&#8220; header_3_font=&#8220;Patua One||||||||&#8220; header_3_text_color=&#8220;#0C71C3&#8243; header_3_font_size=&#8220;18px&#8220; global_colors_info=&#8220;{}&#8220;]<\/p>\n<h3>Gelassenheit<\/h3>\n<p><strong><span>Praktisch keine vom Patienten empfundenen Schmerzen<\/span><\/strong><span> bei einer Behandlungszeit, die derjenigen der konventionellen PDT (C-PDT-Lampe) entspricht bei gleicher Behandlungswirksamkeit. <sup>(1)<\/sup> <\/span><\/p>\n<p><span>Im Gegensatz zur C-PDT hat der Patient keine Angst vor der Behandlung, da <strong>an den behandelten Stellen keine<\/strong> <strong>W\u00e4rme entsteht<\/strong>.<\/span><\/p>\n<p>[\/et_pb_text][et_pb_image src=&#8220;https:\/\/www.fluxmedicare.fr\/wp-content\/uploads\/2021\/03\/EchelleDouleur_de-1.png&#8220; alt=&#8220;Echelle de douleur Texinov&#8220; title_text=&#8220;EchelleDouleur_de&#8220; force_fullwidth=&#8220;on&#8220; _builder_version=&#8220;4.16&#8243; _module_preset=&#8220;default&#8220; global_colors_info=&#8220;{}&#8220;][\/et_pb_image][\/et_pb_column][et_pb_column type=&#8220;1_2&#8243; _builder_version=&#8220;4.16&#8243; _module_preset=&#8220;default&#8220; global_colors_info=&#8220;{}&#8220;][et_pb_text _builder_version=&#8220;4.16&#8243; _module_preset=&#8220;default&#8220; text_font=&#8220;Assistant||||||||&#8220; text_text_color=&#8220;#0A0002&#8243; text_font_size=&#8220;16px&#8220; header_3_font=&#8220;Patua One||||||||&#8220; header_3_text_color=&#8220;#0C71C3&#8243; header_3_font_size=&#8220;18px&#8220; global_colors_info=&#8220;{}&#8220;]<\/p>\n<h3>Komfort und mobilit\u00e4t<\/h3>\n<p>Der Patient sitzt bequem und <strong>ohne<\/strong> <strong>Augenschutz<\/strong>. Er hat eine <strong>gute Bewegungsfreiheit<\/strong>, was besonders f\u00fcr \u00e4ltere Patienten angenehm und notwendig ist. Lesen, telefonieren, plaudern, aufstehen und ein paar Schritte in der N\u00e4he der Quelle gehen ist m\u00f6glich.<\/p>\n<p>[\/et_pb_text][et_pb_gallery gallery_ids=&#8220;1444,1989&#8243; fullwidth=&#8220;on&#8220; _builder_version=&#8220;4.27.0&#8243; _module_preset=&#8220;default&#8220; pagination_text_color=&#8220;#FFFFFF&#8220; auto=&#8220;on&#8220; auto_speed=&#8220;3000&#8243; hover_enabled=&#8220;0&#8243; global_colors_info=&#8220;{}&#8220; sticky_enabled=&#8220;0&#8243;][\/et_pb_gallery][\/et_pb_column][\/et_pb_row][et_pb_row column_structure=&#8220;1_2,1_2&#8243; _builder_version=&#8220;4.16&#8243; _module_preset=&#8220;default&#8220; global_colors_info=&#8220;{}&#8220;][et_pb_column type=&#8220;1_2&#8243; _builder_version=&#8220;4.16&#8243; _module_preset=&#8220;default&#8220; global_colors_info=&#8220;{}&#8220;][et_pb_gallery gallery_ids=&#8220;1432,1992,1995&#8243; fullwidth=&#8220;on&#8220; _builder_version=&#8220;4.27.0&#8243; _module_preset=&#8220;default&#8220; pagination_text_color=&#8220;#FFFFFF&#8220; auto=&#8220;on&#8220; auto_speed=&#8220;3000&#8243; hover_enabled=&#8220;0&#8243; global_colors_info=&#8220;{}&#8220; sticky_enabled=&#8220;0&#8243;][\/et_pb_gallery][\/et_pb_column][et_pb_column type=&#8220;1_2&#8243; _builder_version=&#8220;4.16&#8243; _module_preset=&#8220;default&#8220; global_colors_info=&#8220;{}&#8220;][et_pb_text _builder_version=&#8220;4.16&#8243; _module_preset=&#8220;default&#8220; header_2_font=&#8220;Patua One||||||||&#8220; header_2_text_color=&#8220;#4AC3CD&#8220; header_2_font_size=&#8220;24px&#8220; global_colors_info=&#8220;{}&#8220;]<\/p>\n<h2>Der praktiker: optimierte behandlungsdauer und benutzerfreundlichkeit<\/h2>\n<p>[\/et_pb_text][et_pb_text _builder_version=&#8220;4.16&#8243; _module_preset=&#8220;default&#8220; text_font=&#8220;Assistant||||||||&#8220; text_text_color=&#8220;#0A0002&#8243; text_font_size=&#8220;16px&#8220; header_3_font=&#8220;Patua One||||||||&#8220; header_3_text_color=&#8220;#0C71C3&#8243; header_3_font_size=&#8220;18px&#8220; global_colors_info=&#8220;{}&#8220;]<\/p>\n<p>Die Anwendung des PDT-Ger\u00e4ts FLUXMEDICARE\u00ae V2 durch den Dermatologen oder praktischen Arzt ist einfach dank:<\/p>\n<ul>\n<li><strong>Vorprogrammierter Behandlung, <\/strong>die \u00fcber zwei Tasten an der Vorderseite der Lichtquelle verwaltet wird<\/li>\n<li><strong>Einfacher Installation<\/strong> mit einem einzigen Anschluss zwischen der Quelle und dem Lichttextil, sowie einer flexiblen Ummantelung, die die Mobilit\u00e4t verbessert<\/li>\n<li><strong>Einfacherer \u00dcberwachung, <\/strong>da der Patient w\u00e4hrend der Behandlung nicht leidet<\/li>\n<li>Dank <strong>einfacher Bedienung<\/strong> mit abgeschr\u00e4gtem Frontpanel und einem Display.<\/li>\n<\/ul>\n<p>[\/et_pb_text][\/et_pb_column][\/et_pb_row][\/et_pb_section][et_pb_section fb_built=&#8220;1&#8243; prev_background_color=&#8220;#ffffff&#8220; next_background_color=&#8220;#ffffff&#8220; _builder_version=&#8220;4.16&#8243; _module_preset=&#8220;default&#8220; background_image=&#8220;https:\/\/www.fluxmedicare.fr\/wp-content\/uploads\/2019\/10\/AdobeStock_210556027-Converti-01.jpg&#8220; min_height=&#8220;200px&#8220; custom_padding=&#8220;0px||80px|||&#8220; top_divider_style=&#8220;arrow&#8220; top_divider_height=&#8220;70px&#8220; bottom_divider_style=&#8220;arrow&#8220; bottom_divider_height=&#8220;70px&#8220; animation_style=&#8220;slide&#8220; animation_direction=&#8220;bottom&#8220; animation_intensity_slide=&#8220;10%&#8220; global_colors_info=&#8220;{}&#8220;][\/et_pb_section][et_pb_section fb_built=&#8220;1&#8243; _builder_version=&#8220;4.16&#8243; _module_preset=&#8220;default&#8220; custom_padding=&#8220;||20px|||&#8220; global_colors_info=&#8220;{}&#8220;][et_pb_row _builder_version=&#8220;4.16&#8243; _module_preset=&#8220;default&#8220; custom_padding=&#8220;||0px|||&#8220; global_colors_info=&#8220;{}&#8220;][et_pb_column type=&#8220;4_4&#8243; _builder_version=&#8220;4.16&#8243; _module_preset=&#8220;default&#8220; global_colors_info=&#8220;{}&#8220;][et_pb_text _builder_version=&#8220;4.16&#8243; _module_preset=&#8220;default&#8220; header_2_font=&#8220;Patua One||||||||&#8220; header_2_text_color=&#8220;#4AC3CD&#8220; header_2_font_size=&#8220;24px&#8220; global_colors_info=&#8220;{}&#8220;]<\/p>\n<h2>Ein ansehnliches und leistungsf\u00e4higes ger\u00e4t<\/h2>\n<p>[\/et_pb_text][\/et_pb_column][\/et_pb_row][et_pb_row column_structure=&#8220;1_2,1_2&#8243; _builder_version=&#8220;4.16&#8243; _module_preset=&#8220;default&#8220; global_colors_info=&#8220;{}&#8220;][et_pb_column type=&#8220;1_2&#8243; _builder_version=&#8220;4.16&#8243; _module_preset=&#8220;default&#8220; global_colors_info=&#8220;{}&#8220;][et_pb_image src=&#8220;https:\/\/www.fluxmedicare.fr\/wp-content\/uploads\/2021\/03\/DSC_3464.jpg&#8220; title_text=&#8220;DSC_3464&#8243; _builder_version=&#8220;4.16&#8243; _module_preset=&#8220;default&#8220; global_colors_info=&#8220;{}&#8220;][\/et_pb_image][\/et_pb_column][et_pb_column type=&#8220;1_2&#8243; _builder_version=&#8220;4.16&#8243; _module_preset=&#8220;default&#8220; global_colors_info=&#8220;{}&#8220;][et_pb_text _builder_version=&#8220;4.16&#8243; _module_preset=&#8220;default&#8220; text_font=&#8220;Assistant||||||||&#8220; text_text_color=&#8220;#0A0002&#8243; text_font_size=&#8220;16px&#8220; header_3_font=&#8220;Patua One||||||||&#8220; header_3_text_color=&#8220;#0C71C3&#8243; header_3_font_size=&#8220;18px&#8220; global_colors_info=&#8220;{}&#8220;]<\/p>\n<h3>\u00dcberlegt konzipierte textilien<\/h3>\n<p><span>Die Anpassungsf\u00e4higkeit der leuchtenden Textilien bewirkt eine <strong>Gleichm\u00e4\u00dfigkeit der Rotlichtdiffusion auf den<\/strong> behandelten Oberfl\u00e4chen. <\/span><\/p>\n<p><span>Leuchttextilien sind mit <strong>Einweg-Schutzh\u00fcllen<\/strong> versehen, die die Wirksamkeit der Lichtbehandlung nicht beeintr\u00e4chtigen, um sie vor m\u00f6glichen Verschmutzungen zu sch\u00fctzen. <\/span><\/p>\n<p><span>Die leuchtenden Textilien werden durch ein Netz und eine geknotete Kappe am Hinterkopf gehalten, was einen <strong>Lichtaustritt<\/strong> verhindert.<\/span><\/p>\n<p>[\/et_pb_text][et_pb_image src=&#8220;https:\/\/www.fluxmedicare.fr\/wp-content\/uploads\/2021\/03\/DSC_3682_2.jpg&#8220; title_text=&#8220;DSC_3682_2&#8243; _builder_version=&#8220;4.16&#8243; _module_preset=&#8220;default&#8220; global_colors_info=&#8220;{}&#8220;][\/et_pb_image][\/et_pb_column][\/et_pb_row][et_pb_row column_structure=&#8220;1_2,1_2&#8243; _builder_version=&#8220;4.16&#8243; _module_preset=&#8220;default&#8220; global_colors_info=&#8220;{}&#8220;][et_pb_column type=&#8220;1_2&#8243; _builder_version=&#8220;4.16&#8243; _module_preset=&#8220;default&#8220; global_colors_info=&#8220;{}&#8220;][et_pb_text _builder_version=&#8220;4.16&#8243; _module_preset=&#8220;default&#8220; text_font=&#8220;Assistant||||||||&#8220; text_text_color=&#8220;#0A0002&#8243; text_font_size=&#8220;16px&#8220; header_3_font=&#8220;Patua One||||||||&#8220; header_3_text_color=&#8220;#0C71C3&#8243; header_3_font_size=&#8220;18px&#8220; global_colors_info=&#8220;{}&#8220;]<\/p>\n<h3>\u00c4sthetik und ergonomie<\/h3>\n<p><span>Mit ihren abgerundeten Formen und modernen Farben passt die Lichtquelle des PDT-Ger\u00e4ts FLUXMEDICARE\u00ae V2 <strong>zu absolut jeder Umgebung<\/strong>. Das Zwischengeh\u00e4use l\u00e4sst sich in den Sockel schieben, um <strong>das Ger\u00e4t <\/strong>bei Nichtgebrauch <strong>optimal zu lagern<\/strong>.\u00a0 <\/span><\/p>\n<p><span>Seine <strong>Leichtigkeit und Kompaktheit <\/strong>machen es mobil im Rahmen der Pflegeumgebung, in der die Phototherapiebehandlung durchgef\u00fchrt wird.<\/span><\/p>\n<p>[\/et_pb_text][\/et_pb_column][et_pb_column type=&#8220;1_2&#8243; _builder_version=&#8220;4.16&#8243; _module_preset=&#8220;default&#8220; global_colors_info=&#8220;{}&#8220;][et_pb_image src=&#8220;https:\/\/www.fluxmedicare.fr\/wp-content\/uploads\/2021\/03\/DSC_3672_2.jpg&#8220; title_text=&#8220;DSC_3672_2&#8243; _builder_version=&#8220;4.16&#8243; _module_preset=&#8220;default&#8220; global_colors_info=&#8220;{}&#8220;][\/et_pb_image][\/et_pb_column][\/et_pb_row][et_pb_row _builder_version=&#8220;4.16&#8243; _module_preset=&#8220;default&#8220; global_colors_info=&#8220;{}&#8220;][et_pb_column type=&#8220;4_4&#8243; _builder_version=&#8220;4.16&#8243; _module_preset=&#8220;default&#8220; global_colors_info=&#8220;{}&#8220;][et_pb_text _builder_version=&#8220;4.16&#8243; _module_preset=&#8220;default&#8220; text_font=&#8220;||on||||||&#8220; text_font_size=&#8220;12px&#8220; global_colors_info=&#8220;{}&#8220;]<\/p>\n<p><em>(1)\u00a0<\/em>Der Schmerz des Patienten wird also zwischen 0 und 1 von 10 bewertet (10 ist die maximal vorstellbare Schmerzstufe), wobei das vollst\u00e4ndige Ansprechen der L\u00e4sionen im behandelten pr\u00e4kanzer\u00f6sen Bereich gleich gut ist. Hervorgegangen aus dem europ\u00e4ischen Projekt <a href=\"http:\/\/www.phosistos.com\/\">PHOS-ISTOS<\/a> (FP7-CIP-ICTPSP-2013.3.5) und <em>in Partnerschaft mit dem Nationalen Institut f\u00fcr Gesundheitswesen und medizinische Forschung INSERM in Lille in Frankreich (U 1189 <\/em><em>\u2013<\/em>\u00a0Laboratoire\u00a0<a href=\"http:\/\/www.oncothai.fr\/fr\/\">OncoThAI<\/a>),\u00a0<a href=\"https:\/\/www.chu-lille.fr\/\">CHU de Lille<\/a> <em>und dem <\/em><a href=\"https:\/\/www.klinikum-vest.de\/\">Klinikum Vest<\/a> <em>in Recklinghausen entwickelt. Die offizielle Ver\u00f6ffentlichung der klinischen Studie ist im \u201eBritish Journal of Dermatology\u201c erh\u00e4ltlich:<\/em><em>\u00a0<\/em><a href=\"https:\/\/doi.org\/10.1111\/bjd.18048\">https:\/\/doi.org\/10.1111\/bjd.18048<\/a><\/p>\n<p><em>Mordon, S., et al., The conventional protocol versus a protocol including illumination with a fabric-based biophotonic device (the Phosistos protocol) in photodynamic therapy for actinic keratosis: a randomized, controlled, non-inferiority clinical study. Br J Dermatol, 2019.<\/em><\/p>\n<p>[\/et_pb_text][\/et_pb_column][\/et_pb_row][\/et_pb_section]<\/p>\n","protected":false},"excerpt":{"rendered":"<p>FLUXMEDICARE\u00ae -Ger\u00e4tFLUXMEDICARE\u00ae V2, eine f\u00fcr Dermatologen und ihre Patienten entwickelte L\u00f6sung zur Behandlung pr\u00e4kanzer\u00f6ser Hautl\u00e4sionen mittels photodynamischer Therapie (PDT).\u201eDie FLUXMEDICARE\u00ae-L\u00f6sung \u00fcberzeugte bereits die Dermatologie-Abteilungen von :\u00a0CHU de Lille, Centre Laser Dermatologique et Esth\u00e9tique in Marseille\u00a0(Frankreich) und Klinikum Vest\u00a0(Deutschland). \u201cDer patient: komfort, gelassenheit und mobilit\u00e4tGelassenheit Praktisch keine vom Patienten empfundenen Schmerzen bei einer Behandlungszeit, die derjenigen [&hellip;]<\/p>\n","protected":false},"author":1,"featured_media":0,"parent":0,"menu_order":0,"comment_status":"closed","ping_status":"closed","template":"","meta":{"_et_pb_use_builder":"on","_et_pb_old_content":"","_et_gb_content_width":"","_exactmetrics_skip_tracking":false,"_exactmetrics_sitenote_active":false,"_exactmetrics_sitenote_note":"","_exactmetrics_sitenote_category":0,"footnotes":""},"class_list":["post-1534","page","type-page","status-publish","hentry"],"yoast_head":"<!-- This site is optimized with the Yoast SEO plugin v23.2 - https:\/\/yoast.com\/wordpress\/plugins\/seo\/ -->\n<title>FLUXMEDICARE\u00ae-Ger\u00e4t &#8226; Fluxmedicare\u00ae<\/title>\n<meta name=\"robots\" content=\"noindex, follow\" \/>\n<meta property=\"og:locale\" content=\"de_DE\" \/>\n<meta property=\"og:type\" content=\"article\" \/>\n<meta property=\"og:title\" content=\"FLUXMEDICARE\u00ae-Ger\u00e4t &#8226; Fluxmedicare\u00ae\" \/>\n<meta property=\"og:description\" content=\"FLUXMEDICARE\u00ae -Ger\u00e4tFLUXMEDICARE\u00ae V2, eine f\u00fcr Dermatologen und ihre Patienten entwickelte L\u00f6sung zur Behandlung pr\u00e4kanzer\u00f6ser Hautl\u00e4sionen mittels photodynamischer Therapie (PDT).\u201eDie FLUXMEDICARE\u00ae-L\u00f6sung \u00fcberzeugte bereits die Dermatologie-Abteilungen von :\u00a0CHU de Lille, Centre Laser Dermatologique et Esth\u00e9tique in Marseille\u00a0(Frankreich) und Klinikum Vest\u00a0(Deutschland). \u201cDer patient: komfort, gelassenheit und mobilit\u00e4tGelassenheit Praktisch keine vom Patienten empfundenen Schmerzen bei einer Behandlungszeit, die derjenigen [&hellip;]\" \/>\n<meta property=\"og:url\" content=\"https:\/\/www.fluxmedicare.fr\/solution-fluxmedicare\/\" \/>\n<meta property=\"og:site_name\" content=\"Fluxmedicare\u00ae\" \/>\n<meta property=\"article:modified_time\" content=\"2026-02-27T09:54:33+00:00\" \/>\n<meta name=\"twitter:card\" content=\"summary_large_image\" \/>\n<meta name=\"twitter:label1\" content=\"Gesch\u00e4tzte Lesezeit\" \/>\n\t<meta name=\"twitter:data1\" content=\"4\u00a0Minuten\" \/>\n<script type=\"application\/ld+json\" class=\"yoast-schema-graph\">{\"@context\":\"https:\/\/schema.org\",\"@graph\":[{\"@type\":\"WebPage\",\"@id\":\"https:\/\/www.fluxmedicare.fr\/solution-fluxmedicare\/\",\"url\":\"https:\/\/www.fluxmedicare.fr\/solution-fluxmedicare\/\",\"name\":\"FLUXMEDICARE\u00ae-Ger\u00e4t &#8226; Fluxmedicare\u00ae\",\"isPartOf\":{\"@id\":\"https:\/\/www.fluxmedicare.fr\/#website\"},\"datePublished\":\"2021-03-08T14:28:36+00:00\",\"dateModified\":\"2026-02-27T09:54:33+00:00\",\"breadcrumb\":{\"@id\":\"https:\/\/www.fluxmedicare.fr\/solution-fluxmedicare\/#breadcrumb\"},\"inLanguage\":\"de\",\"potentialAction\":[{\"@type\":\"ReadAction\",\"target\":[\"https:\/\/www.fluxmedicare.fr\/solution-fluxmedicare\/\"]}]},{\"@type\":\"BreadcrumbList\",\"@id\":\"https:\/\/www.fluxmedicare.fr\/solution-fluxmedicare\/#breadcrumb\",\"itemListElement\":[{\"@type\":\"ListItem\",\"position\":1,\"name\":\"Accueil\",\"item\":\"https:\/\/www.fluxmedicare.fr\/de\/\"},{\"@type\":\"ListItem\",\"position\":2,\"name\":\"FLUXMEDICARE\u00ae-Ger\u00e4t\"}]},{\"@type\":\"WebSite\",\"@id\":\"https:\/\/www.fluxmedicare.fr\/#website\",\"url\":\"https:\/\/www.fluxmedicare.fr\/\",\"name\":\"Fluxmedicare\u00ae\",\"description\":\"Dispositif de Phototh\u00e9rapie dynamique pour le traitement des k\u00e9ratoses actiniques par PDT Textile\",\"publisher\":{\"@id\":\"https:\/\/www.fluxmedicare.fr\/#organization\"},\"potentialAction\":[{\"@type\":\"SearchAction\",\"target\":{\"@type\":\"EntryPoint\",\"urlTemplate\":\"https:\/\/www.fluxmedicare.fr\/?s={search_term_string}\"},\"query-input\":\"required name=search_term_string\"}],\"inLanguage\":\"de\"},{\"@type\":\"Organization\",\"@id\":\"https:\/\/www.fluxmedicare.fr\/#organization\",\"name\":\"Fluxmedicare\u00ae\",\"url\":\"https:\/\/www.fluxmedicare.fr\/\",\"logo\":{\"@type\":\"ImageObject\",\"inLanguage\":\"de\",\"@id\":\"https:\/\/www.fluxmedicare.fr\/#\/schema\/logo\/image\/\",\"url\":\"https:\/\/www.fluxmedicare.fr\/wp-content\/uploads\/2019\/09\/logo_fluxmedicare.png\",\"contentUrl\":\"https:\/\/www.fluxmedicare.fr\/wp-content\/uploads\/2019\/09\/logo_fluxmedicare.png\",\"width\":496,\"height\":156,\"caption\":\"Fluxmedicare\u00ae\"},\"image\":{\"@id\":\"https:\/\/www.fluxmedicare.fr\/#\/schema\/logo\/image\/\"}}]}<\/script>\n<!-- \/ Yoast SEO plugin. -->","yoast_head_json":{"title":"FLUXMEDICARE\u00ae-Ger\u00e4t &#8226; Fluxmedicare\u00ae","robots":{"index":"noindex","follow":"follow"},"og_locale":"de_DE","og_type":"article","og_title":"FLUXMEDICARE\u00ae-Ger\u00e4t &#8226; Fluxmedicare\u00ae","og_description":"FLUXMEDICARE\u00ae -Ger\u00e4tFLUXMEDICARE\u00ae V2, eine f\u00fcr Dermatologen und ihre Patienten entwickelte L\u00f6sung zur Behandlung pr\u00e4kanzer\u00f6ser Hautl\u00e4sionen mittels photodynamischer Therapie (PDT).\u201eDie FLUXMEDICARE\u00ae-L\u00f6sung \u00fcberzeugte bereits die Dermatologie-Abteilungen von :\u00a0CHU de Lille, Centre Laser Dermatologique et Esth\u00e9tique in Marseille\u00a0(Frankreich) und Klinikum Vest\u00a0(Deutschland). \u201cDer patient: komfort, gelassenheit und mobilit\u00e4tGelassenheit Praktisch keine vom Patienten empfundenen Schmerzen bei einer Behandlungszeit, die derjenigen [&hellip;]","og_url":"https:\/\/www.fluxmedicare.fr\/solution-fluxmedicare\/","og_site_name":"Fluxmedicare\u00ae","article_modified_time":"2026-02-27T09:54:33+00:00","twitter_card":"summary_large_image","twitter_misc":{"Gesch\u00e4tzte Lesezeit":"4\u00a0Minuten"},"schema":{"@context":"https:\/\/schema.org","@graph":[{"@type":"WebPage","@id":"https:\/\/www.fluxmedicare.fr\/solution-fluxmedicare\/","url":"https:\/\/www.fluxmedicare.fr\/solution-fluxmedicare\/","name":"FLUXMEDICARE\u00ae-Ger\u00e4t &#8226; Fluxmedicare\u00ae","isPartOf":{"@id":"https:\/\/www.fluxmedicare.fr\/#website"},"datePublished":"2021-03-08T14:28:36+00:00","dateModified":"2026-02-27T09:54:33+00:00","breadcrumb":{"@id":"https:\/\/www.fluxmedicare.fr\/solution-fluxmedicare\/#breadcrumb"},"inLanguage":"de","potentialAction":[{"@type":"ReadAction","target":["https:\/\/www.fluxmedicare.fr\/solution-fluxmedicare\/"]}]},{"@type":"BreadcrumbList","@id":"https:\/\/www.fluxmedicare.fr\/solution-fluxmedicare\/#breadcrumb","itemListElement":[{"@type":"ListItem","position":1,"name":"Accueil","item":"https:\/\/www.fluxmedicare.fr\/de\/"},{"@type":"ListItem","position":2,"name":"FLUXMEDICARE\u00ae-Ger\u00e4t"}]},{"@type":"WebSite","@id":"https:\/\/www.fluxmedicare.fr\/#website","url":"https:\/\/www.fluxmedicare.fr\/","name":"Fluxmedicare\u00ae","description":"Dispositif de Phototh\u00e9rapie dynamique pour le traitement des k\u00e9ratoses actiniques par PDT Textile","publisher":{"@id":"https:\/\/www.fluxmedicare.fr\/#organization"},"potentialAction":[{"@type":"SearchAction","target":{"@type":"EntryPoint","urlTemplate":"https:\/\/www.fluxmedicare.fr\/?s={search_term_string}"},"query-input":"required name=search_term_string"}],"inLanguage":"de"},{"@type":"Organization","@id":"https:\/\/www.fluxmedicare.fr\/#organization","name":"Fluxmedicare\u00ae","url":"https:\/\/www.fluxmedicare.fr\/","logo":{"@type":"ImageObject","inLanguage":"de","@id":"https:\/\/www.fluxmedicare.fr\/#\/schema\/logo\/image\/","url":"https:\/\/www.fluxmedicare.fr\/wp-content\/uploads\/2019\/09\/logo_fluxmedicare.png","contentUrl":"https:\/\/www.fluxmedicare.fr\/wp-content\/uploads\/2019\/09\/logo_fluxmedicare.png","width":496,"height":156,"caption":"Fluxmedicare\u00ae"},"image":{"@id":"https:\/\/www.fluxmedicare.fr\/#\/schema\/logo\/image\/"}}]}},"_links":{"self":[{"href":"https:\/\/www.fluxmedicare.fr\/de\/wp-json\/wp\/v2\/pages\/1534"}],"collection":[{"href":"https:\/\/www.fluxmedicare.fr\/de\/wp-json\/wp\/v2\/pages"}],"about":[{"href":"https:\/\/www.fluxmedicare.fr\/de\/wp-json\/wp\/v2\/types\/page"}],"author":[{"embeddable":true,"href":"https:\/\/www.fluxmedicare.fr\/de\/wp-json\/wp\/v2\/users\/1"}],"replies":[{"embeddable":true,"href":"https:\/\/www.fluxmedicare.fr\/de\/wp-json\/wp\/v2\/comments?post=1534"}],"version-history":[{"count":9,"href":"https:\/\/www.fluxmedicare.fr\/de\/wp-json\/wp\/v2\/pages\/1534\/revisions"}],"predecessor-version":[{"id":2000,"href":"https:\/\/www.fluxmedicare.fr\/de\/wp-json\/wp\/v2\/pages\/1534\/revisions\/2000"}],"wp:attachment":[{"href":"https:\/\/www.fluxmedicare.fr\/de\/wp-json\/wp\/v2\/media?parent=1534"}],"curies":[{"name":"wp","href":"https:\/\/api.w.org\/{rel}","templated":true}]}}