{"id":1532,"date":"2021-03-08T15:28:11","date_gmt":"2021-03-08T14:28:11","guid":{"rendered":"https:\/\/www.fluxmedicare.fr\/?page_id=1532"},"modified":"2021-03-08T16:48:39","modified_gmt":"2021-03-08T15:48:39","slug":"schreiben-sie-uns","status":"publish","type":"page","link":"https:\/\/www.fluxmedicare.fr\/de\/schreiben-sie-uns\/","title":{"rendered":"Schreiben Sie uns"},"content":{"rendered":"<p>[et_pb_section fb_built=&#8220;1&#8243; custom_padding_last_edited=&#8220;on|phone&#8220; admin_label=&#8220;About&#8220; module_id=&#8220;contact&#8220; _builder_version=&#8220;4.9.0&#8243; background_image=&#8220;https:\/\/www.fluxmedicare.fr\/wp-content\/uploads\/2019\/10\/AdobeStock_249422618-web.jpg&#8220; background_size=&#8220;contain&#8220; background_position=&#8220;top_center&#8220; custom_padding=&#8220;125px||0px|||&#8220; custom_padding_tablet=&#8220;&#8220; custom_padding_phone=&#8220;50px||||false|false&#8220; top_divider_color=&#8220;#4ac3cd&#8220;][et_pb_row column_structure=&#8220;2_5,3_5&#8243; use_custom_gutter=&#8220;on&#8220; gutter_width=&#8220;1&#8243; padding_top_bottom_link_2=&#8220;true&#8220; padding_left_right_link_2=&#8220;true&#8220; _builder_version=&#8220;3.27.4&#8243; custom_margin=&#8220;70px|auto||auto||&#8220; custom_padding=&#8220;0px||0px|||&#8220; animation_style=&#8220;fade&#8220;][et_pb_column type=&#8220;2_5&#8243; _builder_version=&#8220;3.27.4&#8243; custom_padding=&#8220;|||&#8220; custom_padding__hover=&#8220;|||&#8220;][et_pb_text _builder_version=&#8220;4.9.0&#8243; text_font=&#8220;||||||||&#8220; text_line_height=&#8220;2em&#8220; header_font=&#8220;|700|||||||&#8220; header_font_size=&#8220;16px&#8220; header_line_height=&#8220;1.2em&#8220; header_3_font=&#8220;Patua One||||||||&#8220; header_3_text_color=&#8220;#ffffff&#8220; header_3_font_size=&#8220;30px&#8220; header_3_line_height=&#8220;1.2em&#8220; background_color=&#8220;#0c71c3&#8243; transform_scale_tablet=&#8220;&#8220; transform_scale_phone=&#8220;&#8220; transform_scale_last_edited=&#8220;on|desktop&#8220; transform_translate=&#8220;-40px|0px&#8220; transform_translate_tablet=&#8220;0px|0px&#8220; transform_translate_phone=&#8220;&#8220; transform_translate_last_edited=&#8220;on|desktop&#8220; transform_translate_linked=&#8220;off&#8220; transform_rotate_tablet=&#8220;&#8220; transform_rotate_phone=&#8220;&#8220; transform_rotate_last_edited=&#8220;on|desktop&#8220; transform_skew_tablet=&#8220;&#8220; transform_skew_phone=&#8220;&#8220; transform_skew_last_edited=&#8220;on|desktop&#8220; transform_origin_tablet=&#8220;&#8220; transform_origin_phone=&#8220;&#8220; transform_origin_last_edited=&#8220;on|desktop&#8220; transform_styles_last_edited=&#8220;on|desktop&#8220; background_layout=&#8220;dark&#8220; custom_margin=&#8220;-120px|||||false&#8220; custom_margin_tablet=&#8220;0px|0px||&#8220; custom_margin_phone=&#8220;&#8220; custom_margin_last_edited=&#8220;on|tablet&#8220; custom_padding=&#8220;80px|50px|80px|50px|true|true&#8220; custom_padding_tablet=&#8220;40px|40px|40px|40px|true|true&#8220; custom_padding_phone=&#8220;30px|30px|30px|30px|true|true&#8220; custom_padding_last_edited=&#8220;on|phone&#8220; animation_style=&#8220;slide&#8220; animation_direction=&#8220;bottom&#8220; animation_intensity_slide=&#8220;5%&#8220; hover_enabled=&#8220;0&#8243; transform_styles_tablet=&#8220;&#8220; transform_styles_phone=&#8220;&#8220; box_shadow_style=&#8220;preset1&#8243; box_shadow_vertical=&#8220;80px&#8220; box_shadow_blur=&#8220;80px&#8220; box_shadow_spread=&#8220;-30px&#8220; locked=&#8220;off&#8220; sticky_enabled=&#8220;0&#8243;]<\/p>\n<p>FLUXMEDICARE\u00ae, Behandlung f\u00fcr Hautkrebsvorstufen, ist in Europa durch ein Netz von Fachlieferanten f\u00fcr medizinische Fachkr\u00e4fte (Dermatologen, Universit\u00e4tskliniken, Kliniken, Laserzentren) erh\u00e4ltlich.<\/p>\n<p><strong>Sie uns f\u00fcr alle zus\u00e4tzlichen Informationen \u00fcber das nachstehende Formular.<\/strong><\/p>\n<p>[\/et_pb_text][\/et_pb_column][et_pb_column type=&#8220;3_5&#8243; _builder_version=&#8220;3.25&#8243; background_color=&#8220;#f7f7f7&#8243; custom_padding=&#8220;5vw|5vw|5vw|5vw&#8220; custom_padding_tablet=&#8220;50px|50px|50px|50px|true|true&#8220; custom_padding_phone=&#8220;30px|30px|30px|30px|true|true&#8220; custom_padding_last_edited=&#8220;on|phone&#8220; custom_padding__hover=&#8220;|||&#8220;][et_pb_text _builder_version=&#8220;4.9.0&#8243; text_font=&#8220;||||||||&#8220; text_font_size=&#8220;16px&#8220; text_line_height=&#8220;2em&#8220; header_font=&#8220;||||||||&#8220; header_2_font=&#8220;Patua One||||||||&#8220; header_2_font_size=&#8220;50px&#8220; header_2_line_height=&#8220;1.2em&#8220; hover_enabled=&#8220;0&#8243; text_font_size_tablet=&#8220;&#8220; text_font_size_phone=&#8220;15px&#8220; text_font_size_last_edited=&#8220;on|desktop&#8220; header_2_font_size_tablet=&#8220;40px&#8220; header_2_font_size_phone=&#8220;25px&#8220; header_2_font_size_last_edited=&#8220;on|phone&#8220; locked=&#8220;off&#8220; sticky_enabled=&#8220;0&#8243;]<\/p>\n<p><span color=\"#333333\" face=\"Patua One, display\" style=\"color: #333333; font-family: 'Patua One', display;\"><span style=\"font-size: 50px;\">Kontakt<\/span><\/span><\/p>\n<p>[\/et_pb_text][et_pb_divider divider_weight=&#8220;6px&#8220; _builder_version=&#8220;3.27.4&#8243; width=&#8220;80px&#8220; module_alignment=&#8220;left&#8220; min_height=&#8220;5px&#8220; height=&#8220;5px&#8220; max_height=&#8220;5px&#8220;][\/et_pb_divider][et_pb_code _builder_version=&#8220;4.9.0&#8243; hover_enabled=&#8220;0&#8243; sticky_enabled=&#8220;0&#8243;]<div role=\"form\" class=\"wpcf7\" id=\"wpcf7-f700-o1\" lang=\"fr-FR\" dir=\"ltr\">\n<div class=\"screen-reader-response\"><p role=\"status\" aria-live=\"polite\" aria-atomic=\"true\"><\/p> <ul><\/ul><\/div>\n<form action=\"\/de\/wp-json\/wp\/v2\/pages\/1532#wpcf7-f700-o1\" method=\"post\" class=\"wpcf7-form init\" enctype=\"multipart\/form-data\" novalidate=\"novalidate\" data-status=\"init\">\n<div style=\"display: none;\">\n<input type=\"hidden\" name=\"_wpcf7\" value=\"700\" \/>\n<input type=\"hidden\" name=\"_wpcf7_version\" value=\"5.4\" \/>\n<input type=\"hidden\" name=\"_wpcf7_locale\" value=\"fr_FR\" \/>\n<input type=\"hidden\" name=\"_wpcf7_unit_tag\" value=\"wpcf7-f700-o1\" \/>\n<input type=\"hidden\" name=\"_wpcf7_container_post\" value=\"0\" \/>\n<input type=\"hidden\" name=\"_wpcf7_posted_data_hash\" value=\"\" \/>\n<input type=\"hidden\" name=\"_wpcf7_recaptcha_response\" value=\"\" \/>\n<\/div>\n<p><label><span class=\"wpcf7-form-control-wrap contact_last_name\"><input type=\"text\" name=\"contact_last_name\" value=\"\" size=\"40\" class=\"wpcf7-form-control wpcf7-text wpcf7-validates-as-required\" aria-required=\"true\" aria-invalid=\"false\" placeholder=\"Nachname \/ Vorname *\" \/><\/span><\/label><br \/>\n<label><span class=\"wpcf7-form-control-wrap contact_position\"><input type=\"text\" name=\"contact_position\" value=\"\" size=\"40\" class=\"wpcf7-form-control wpcf7-text wpcf7-validates-as-required\" aria-required=\"true\" aria-invalid=\"false\" placeholder=\"Position *\" \/><\/span><\/label><br \/>\n<label><span class=\"wpcf7-form-control-wrap contact_company\"><input type=\"text\" name=\"contact_company\" value=\"\" size=\"40\" class=\"wpcf7-form-control wpcf7-text wpcf7-validates-as-required\" aria-required=\"true\" aria-invalid=\"false\" placeholder=\"Firma *\" \/><\/span><\/label><br \/>\n<label><span class=\"wpcf7-form-control-wrap contact_country\"><input type=\"text\" name=\"contact_country\" value=\"\" size=\"40\" class=\"wpcf7-form-control wpcf7-text wpcf7-validates-as-required\" aria-required=\"true\" aria-invalid=\"false\" placeholder=\"Land *\" \/><\/span><\/label><br \/>\n<label><span class=\"wpcf7-form-control-wrap contact_email\"><input type=\"email\" name=\"contact_email\" value=\"\" size=\"40\" class=\"wpcf7-form-control wpcf7-text wpcf7-email wpcf7-validates-as-required wpcf7-validates-as-email\" aria-required=\"true\" aria-invalid=\"false\" placeholder=\"Email *\" \/><\/span><\/label><br \/>\n<label><span class=\"wpcf7-form-control-wrap contact_phone\"><input type=\"tel\" name=\"contact_phone\" value=\"\" size=\"40\" class=\"wpcf7-form-control wpcf7-text wpcf7-tel wpcf7-validates-as-required wpcf7-validates-as-tel\" aria-required=\"true\" aria-invalid=\"false\" placeholder=\"Telefon *\" \/><\/span><\/label><br \/>\n<label class=\"message_form\"><span class=\"wpcf7-form-control-wrap contact_message\"><textarea name=\"contact_message\" cols=\"40\" rows=\"10\" class=\"wpcf7-form-control wpcf7-textarea wpcf7-validates-as-required\" aria-required=\"true\" aria-invalid=\"false\" placeholder=\"Betreff*\"><\/textarea><\/span><\/label><\/p>\n<h3>Anlage :<\/h3>\n<p><label><span class=\"wpcf7-form-control-wrap file-499\"><input type=\"file\" name=\"file-499\" size=\"40\" class=\"wpcf7-form-control wpcf7-file\" accept=\".jpg,.jpeg,.png,.gif,.pdf,.doc,.docx,.ppt,.pptx,.odt,.avi,.ogg,.m4a,.mov,.mp3,.mp4,.mpg,.wav,.wmv\" aria-invalid=\"false\" \/><\/span><\/label><\/p>\n<p><label><span class=\"wpcf7-form-control-wrap data-accept\"><span class=\"wpcf7-form-control wpcf7-acceptance\"><span class=\"wpcf7-list-item\"><label><input type=\"checkbox\" name=\"data-accept\" value=\"1\" aria-invalid=\"false\" \/><span class=\"wpcf7-list-item-label\">Kontrollk\u00e4stchen Angabe DSGVO<\/span><\/label><\/span><\/span><\/span><\/label><\/p>\n\n<p><input type=\"submit\" value=\"Senden\" class=\"wpcf7-form-control wpcf7-submit\" \/><\/p>\n<p>*PFLICHTFELDER<\/p>\n<p style=\"display: none !important;\" class=\"akismet-fields-container\" data-prefix=\"_wpcf7_ak_\"><label>&#916;<textarea name=\"_wpcf7_ak_hp_textarea\" cols=\"45\" rows=\"8\" maxlength=\"100\"><\/textarea><\/label><input type=\"hidden\" id=\"ak_js_1\" name=\"_wpcf7_ak_js\" value=\"156\"\/><script>document.getElementById( \"ak_js_1\" ).setAttribute( \"value\", ( new Date() ).getTime() );<\/script><\/p><div class=\"wpcf7-response-output\" aria-hidden=\"true\"><\/div><\/form><\/div>[\/et_pb_code][\/et_pb_column][\/et_pb_row][\/et_pb_section]<\/p>\n","protected":false},"excerpt":{"rendered":"<p>FLUXMEDICARE\u00ae, Behandlung f\u00fcr Hautkrebsvorstufen, ist in Europa durch ein Netz von Fachlieferanten f\u00fcr medizinische Fachkr\u00e4fte (Dermatologen, Universit\u00e4tskliniken, Kliniken, Laserzentren) erh\u00e4ltlich. Sie uns f\u00fcr alle zus\u00e4tzlichen Informationen \u00fcber das nachstehende Formular.Kontakt<div role=\"form\" class=\"wpcf7\" id=\"wpcf7-f700-o2\" lang=\"fr-FR\" dir=\"ltr\">\n<div class=\"screen-reader-response\"><p role=\"status\" aria-live=\"polite\" aria-atomic=\"true\"><\/p> <ul><\/ul><\/div>\n<form action=\"\/de\/wp-json\/wp\/v2\/pages\/1532#wpcf7-f700-o2\" method=\"post\" class=\"wpcf7-form init\" enctype=\"multipart\/form-data\" novalidate=\"novalidate\" data-status=\"init\">\n<div style=\"display: none;\">\n<input type=\"hidden\" name=\"_wpcf7\" value=\"700\" \/>\n<input type=\"hidden\" name=\"_wpcf7_version\" value=\"5.4\" \/>\n<input type=\"hidden\" name=\"_wpcf7_locale\" value=\"fr_FR\" \/>\n<input type=\"hidden\" name=\"_wpcf7_unit_tag\" value=\"wpcf7-f700-o2\" \/>\n<input type=\"hidden\" name=\"_wpcf7_container_post\" value=\"0\" \/>\n<input type=\"hidden\" name=\"_wpcf7_posted_data_hash\" value=\"\" \/>\n<input type=\"hidden\" name=\"_wpcf7_recaptcha_response\" value=\"\" \/>\n<\/div>\n<p><label><span class=\"wpcf7-form-control-wrap contact_last_name\"><input type=\"text\" name=\"contact_last_name\" value=\"\" size=\"40\" class=\"wpcf7-form-control wpcf7-text wpcf7-validates-as-required\" aria-required=\"true\" aria-invalid=\"false\" placeholder=\"Nachname \/ Vorname *\" \/><\/span><\/label><br \/>\n<label><span class=\"wpcf7-form-control-wrap contact_position\"><input type=\"text\" name=\"contact_position\" value=\"\" size=\"40\" class=\"wpcf7-form-control wpcf7-text wpcf7-validates-as-required\" aria-required=\"true\" aria-invalid=\"false\" placeholder=\"Position *\" \/><\/span><\/label><br \/>\n<label><span class=\"wpcf7-form-control-wrap contact_company\"><input type=\"text\" name=\"contact_company\" value=\"\" size=\"40\" class=\"wpcf7-form-control wpcf7-text wpcf7-validates-as-required\" aria-required=\"true\" aria-invalid=\"false\" placeholder=\"Firma *\" \/><\/span><\/label><br \/>\n<label><span class=\"wpcf7-form-control-wrap contact_country\"><input type=\"text\" name=\"contact_country\" value=\"\" size=\"40\" class=\"wpcf7-form-control wpcf7-text wpcf7-validates-as-required\" aria-required=\"true\" aria-invalid=\"false\" placeholder=\"Land *\" \/><\/span><\/label><br \/>\n<label><span class=\"wpcf7-form-control-wrap contact_email\"><input type=\"email\" name=\"contact_email\" value=\"\" size=\"40\" class=\"wpcf7-form-control wpcf7-text wpcf7-email wpcf7-validates-as-required wpcf7-validates-as-email\" aria-required=\"true\" aria-invalid=\"false\" placeholder=\"Email *\" \/><\/span><\/label><br \/>\n<label><span class=\"wpcf7-form-control-wrap contact_phone\"><input type=\"tel\" name=\"contact_phone\" value=\"\" size=\"40\" class=\"wpcf7-form-control wpcf7-text wpcf7-tel wpcf7-validates-as-required wpcf7-validates-as-tel\" aria-required=\"true\" aria-invalid=\"false\" placeholder=\"Telefon *\" \/><\/span><\/label><br \/>\n<label class=\"message_form\"><span class=\"wpcf7-form-control-wrap contact_message\"><textarea name=\"contact_message\" cols=\"40\" rows=\"10\" class=\"wpcf7-form-control wpcf7-textarea wpcf7-validates-as-required\" aria-required=\"true\" aria-invalid=\"false\" placeholder=\"Betreff*\"><\/textarea><\/span><\/label><\/p>\n<h3>Anlage :<\/h3>\n<p><label><span class=\"wpcf7-form-control-wrap file-499\"><input type=\"file\" name=\"file-499\" size=\"40\" class=\"wpcf7-form-control wpcf7-file\" accept=\".jpg,.jpeg,.png,.gif,.pdf,.doc,.docx,.ppt,.pptx,.odt,.avi,.ogg,.m4a,.mov,.mp3,.mp4,.mpg,.wav,.wmv\" aria-invalid=\"false\" \/><\/span><\/label><\/p>\n<p><label><span class=\"wpcf7-form-control-wrap data-accept\"><span class=\"wpcf7-form-control wpcf7-acceptance\"><span class=\"wpcf7-list-item\"><label><input type=\"checkbox\" name=\"data-accept\" value=\"1\" aria-invalid=\"false\" \/><span class=\"wpcf7-list-item-label\">Kontrollk\u00e4stchen Angabe DSGVO<\/span><\/label><\/span><\/span><\/span><\/label><\/p>\n\n<p><input type=\"submit\" value=\"Senden\" class=\"wpcf7-form-control wpcf7-submit\" \/><\/p>\n<p>*PFLICHTFELDER<\/p>\n<p style=\"display: none !important;\" class=\"akismet-fields-container\" data-prefix=\"_wpcf7_ak_\"><label>&#916;<textarea name=\"_wpcf7_ak_hp_textarea\" cols=\"45\" rows=\"8\" maxlength=\"100\"><\/textarea><\/label><input type=\"hidden\" id=\"ak_js_2\" name=\"_wpcf7_ak_js\" value=\"163\"\/><script>document.getElementById( \"ak_js_2\" ).setAttribute( \"value\", ( new Date() ).getTime() );<\/script><\/p><div class=\"wpcf7-response-output\" aria-hidden=\"true\"><\/div><\/form><\/div><\/p>\n","protected":false},"author":1,"featured_media":0,"parent":0,"menu_order":0,"comment_status":"closed","ping_status":"closed","template":"","meta":{"_et_pb_use_builder":"on","_et_pb_old_content":"","_et_gb_content_width":"","_exactmetrics_skip_tracking":false,"_exactmetrics_sitenote_active":false,"_exactmetrics_sitenote_note":"","_exactmetrics_sitenote_category":0,"footnotes":""},"class_list":["post-1532","page","type-page","status-publish","hentry"],"yoast_head":"<!-- This site is optimized with the Yoast SEO plugin v23.2 - https:\/\/yoast.com\/wordpress\/plugins\/seo\/ -->\n<title>Schreiben Sie uns &#8226; Fluxmedicare\u00ae<\/title>\n<meta name=\"robots\" content=\"index, follow, max-snippet:-1, max-image-preview:large, max-video-preview:-1\" \/>\n<link rel=\"canonical\" href=\"https:\/\/www.fluxmedicare.fr\/de\/schreiben-sie-uns\/\" \/>\n<meta property=\"og:locale\" content=\"de_DE\" \/>\n<meta property=\"og:type\" content=\"article\" \/>\n<meta property=\"og:title\" content=\"Schreiben Sie uns &#8226; Fluxmedicare\u00ae\" \/>\n<meta property=\"og:description\" content=\"FLUXMEDICARE\u00ae, Behandlung f\u00fcr Hautkrebsvorstufen, ist in Europa durch ein Netz von Fachlieferanten f\u00fcr medizinische Fachkr\u00e4fte (Dermatologen, Universit\u00e4tskliniken, Kliniken, Laserzentren) erh\u00e4ltlich. Sie uns f\u00fcr alle zus\u00e4tzlichen Informationen \u00fcber das nachstehende Formular.Kontakt\" \/>\n<meta property=\"og:url\" content=\"https:\/\/www.fluxmedicare.fr\/de\/schreiben-sie-uns\/\" \/>\n<meta property=\"og:site_name\" content=\"Fluxmedicare\u00ae\" \/>\n<meta property=\"article:modified_time\" content=\"2021-03-08T15:48:39+00:00\" \/>\n<meta name=\"twitter:card\" content=\"summary_large_image\" \/>\n<script type=\"application\/ld+json\" class=\"yoast-schema-graph\">{\"@context\":\"https:\/\/schema.org\",\"@graph\":[{\"@type\":\"WebPage\",\"@id\":\"https:\/\/www.fluxmedicare.fr\/de\/schreiben-sie-uns\/\",\"url\":\"https:\/\/www.fluxmedicare.fr\/de\/schreiben-sie-uns\/\",\"name\":\"Schreiben Sie uns &#8226; Fluxmedicare\u00ae\",\"isPartOf\":{\"@id\":\"https:\/\/www.fluxmedicare.fr\/#website\"},\"datePublished\":\"2021-03-08T14:28:11+00:00\",\"dateModified\":\"2021-03-08T15:48:39+00:00\",\"breadcrumb\":{\"@id\":\"https:\/\/www.fluxmedicare.fr\/de\/schreiben-sie-uns\/#breadcrumb\"},\"inLanguage\":\"de\",\"potentialAction\":[{\"@type\":\"ReadAction\",\"target\":[\"https:\/\/www.fluxmedicare.fr\/de\/schreiben-sie-uns\/\"]}]},{\"@type\":\"BreadcrumbList\",\"@id\":\"https:\/\/www.fluxmedicare.fr\/de\/schreiben-sie-uns\/#breadcrumb\",\"itemListElement\":[{\"@type\":\"ListItem\",\"position\":1,\"name\":\"Accueil\",\"item\":\"https:\/\/www.fluxmedicare.fr\/de\/\"},{\"@type\":\"ListItem\",\"position\":2,\"name\":\"Schreiben Sie uns\"}]},{\"@type\":\"WebSite\",\"@id\":\"https:\/\/www.fluxmedicare.fr\/#website\",\"url\":\"https:\/\/www.fluxmedicare.fr\/\",\"name\":\"Fluxmedicare\u00ae\",\"description\":\"Dispositif de Phototh\u00e9rapie dynamique pour le traitement des k\u00e9ratoses actiniques par PDT Textile\",\"publisher\":{\"@id\":\"https:\/\/www.fluxmedicare.fr\/#organization\"},\"potentialAction\":[{\"@type\":\"SearchAction\",\"target\":{\"@type\":\"EntryPoint\",\"urlTemplate\":\"https:\/\/www.fluxmedicare.fr\/?s={search_term_string}\"},\"query-input\":\"required name=search_term_string\"}],\"inLanguage\":\"de\"},{\"@type\":\"Organization\",\"@id\":\"https:\/\/www.fluxmedicare.fr\/#organization\",\"name\":\"Fluxmedicare\u00ae\",\"url\":\"https:\/\/www.fluxmedicare.fr\/\",\"logo\":{\"@type\":\"ImageObject\",\"inLanguage\":\"de\",\"@id\":\"https:\/\/www.fluxmedicare.fr\/#\/schema\/logo\/image\/\",\"url\":\"https:\/\/www.fluxmedicare.fr\/wp-content\/uploads\/2019\/09\/logo_fluxmedicare.png\",\"contentUrl\":\"https:\/\/www.fluxmedicare.fr\/wp-content\/uploads\/2019\/09\/logo_fluxmedicare.png\",\"width\":496,\"height\":156,\"caption\":\"Fluxmedicare\u00ae\"},\"image\":{\"@id\":\"https:\/\/www.fluxmedicare.fr\/#\/schema\/logo\/image\/\"}}]}<\/script>\n<!-- \/ Yoast SEO plugin. -->","yoast_head_json":{"title":"Schreiben Sie uns &#8226; Fluxmedicare\u00ae","robots":{"index":"index","follow":"follow","max-snippet":"max-snippet:-1","max-image-preview":"max-image-preview:large","max-video-preview":"max-video-preview:-1"},"canonical":"https:\/\/www.fluxmedicare.fr\/de\/schreiben-sie-uns\/","og_locale":"de_DE","og_type":"article","og_title":"Schreiben Sie uns &#8226; Fluxmedicare\u00ae","og_description":"FLUXMEDICARE\u00ae, Behandlung f\u00fcr Hautkrebsvorstufen, ist in Europa durch ein Netz von Fachlieferanten f\u00fcr medizinische Fachkr\u00e4fte (Dermatologen, Universit\u00e4tskliniken, Kliniken, Laserzentren) erh\u00e4ltlich. Sie uns f\u00fcr alle zus\u00e4tzlichen Informationen \u00fcber das nachstehende Formular.Kontakt","og_url":"https:\/\/www.fluxmedicare.fr\/de\/schreiben-sie-uns\/","og_site_name":"Fluxmedicare\u00ae","article_modified_time":"2021-03-08T15:48:39+00:00","twitter_card":"summary_large_image","schema":{"@context":"https:\/\/schema.org","@graph":[{"@type":"WebPage","@id":"https:\/\/www.fluxmedicare.fr\/de\/schreiben-sie-uns\/","url":"https:\/\/www.fluxmedicare.fr\/de\/schreiben-sie-uns\/","name":"Schreiben Sie uns &#8226; Fluxmedicare\u00ae","isPartOf":{"@id":"https:\/\/www.fluxmedicare.fr\/#website"},"datePublished":"2021-03-08T14:28:11+00:00","dateModified":"2021-03-08T15:48:39+00:00","breadcrumb":{"@id":"https:\/\/www.fluxmedicare.fr\/de\/schreiben-sie-uns\/#breadcrumb"},"inLanguage":"de","potentialAction":[{"@type":"ReadAction","target":["https:\/\/www.fluxmedicare.fr\/de\/schreiben-sie-uns\/"]}]},{"@type":"BreadcrumbList","@id":"https:\/\/www.fluxmedicare.fr\/de\/schreiben-sie-uns\/#breadcrumb","itemListElement":[{"@type":"ListItem","position":1,"name":"Accueil","item":"https:\/\/www.fluxmedicare.fr\/de\/"},{"@type":"ListItem","position":2,"name":"Schreiben Sie uns"}]},{"@type":"WebSite","@id":"https:\/\/www.fluxmedicare.fr\/#website","url":"https:\/\/www.fluxmedicare.fr\/","name":"Fluxmedicare\u00ae","description":"Dispositif de Phototh\u00e9rapie dynamique pour le traitement des k\u00e9ratoses actiniques par PDT Textile","publisher":{"@id":"https:\/\/www.fluxmedicare.fr\/#organization"},"potentialAction":[{"@type":"SearchAction","target":{"@type":"EntryPoint","urlTemplate":"https:\/\/www.fluxmedicare.fr\/?s={search_term_string}"},"query-input":"required name=search_term_string"}],"inLanguage":"de"},{"@type":"Organization","@id":"https:\/\/www.fluxmedicare.fr\/#organization","name":"Fluxmedicare\u00ae","url":"https:\/\/www.fluxmedicare.fr\/","logo":{"@type":"ImageObject","inLanguage":"de","@id":"https:\/\/www.fluxmedicare.fr\/#\/schema\/logo\/image\/","url":"https:\/\/www.fluxmedicare.fr\/wp-content\/uploads\/2019\/09\/logo_fluxmedicare.png","contentUrl":"https:\/\/www.fluxmedicare.fr\/wp-content\/uploads\/2019\/09\/logo_fluxmedicare.png","width":496,"height":156,"caption":"Fluxmedicare\u00ae"},"image":{"@id":"https:\/\/www.fluxmedicare.fr\/#\/schema\/logo\/image\/"}}]}},"_links":{"self":[{"href":"https:\/\/www.fluxmedicare.fr\/de\/wp-json\/wp\/v2\/pages\/1532"}],"collection":[{"href":"https:\/\/www.fluxmedicare.fr\/de\/wp-json\/wp\/v2\/pages"}],"about":[{"href":"https:\/\/www.fluxmedicare.fr\/de\/wp-json\/wp\/v2\/types\/page"}],"author":[{"embeddable":true,"href":"https:\/\/www.fluxmedicare.fr\/de\/wp-json\/wp\/v2\/users\/1"}],"replies":[{"embeddable":true,"href":"https:\/\/www.fluxmedicare.fr\/de\/wp-json\/wp\/v2\/comments?post=1532"}],"version-history":[{"count":2,"href":"https:\/\/www.fluxmedicare.fr\/de\/wp-json\/wp\/v2\/pages\/1532\/revisions"}],"predecessor-version":[{"id":1557,"href":"https:\/\/www.fluxmedicare.fr\/de\/wp-json\/wp\/v2\/pages\/1532\/revisions\/1557"}],"wp:attachment":[{"href":"https:\/\/www.fluxmedicare.fr\/de\/wp-json\/wp\/v2\/media?parent=1532"}],"curies":[{"name":"wp","href":"https:\/\/api.w.org\/{rel}","templated":true}]}}