{"id":1528,"date":"2021-03-08T15:27:04","date_gmt":"2021-03-08T14:27:04","guid":{"rendered":"https:\/\/www.fluxmedicare.fr\/?page_id=1528"},"modified":"2024-01-29T08:54:49","modified_gmt":"2024-01-29T07:54:49","slug":"vertriebsnetz","status":"publish","type":"page","link":"https:\/\/www.fluxmedicare.fr\/de\/vertriebsnetz\/","title":{"rendered":"Vertriebsnetz"},"content":{"rendered":"<p>[et_pb_section fb_built=&#8220;1&#8243; _builder_version=&#8220;4.9.0&#8243; _module_preset=&#8220;default&#8220; background_image=&#8220;https:\/\/www.fluxmedicare.fr\/wp-content\/uploads\/2021\/03\/AdobeStock_267118342-web.jpg&#8220; background_position=&#8220;bottom_center&#8220; custom_padding=&#8220;80px||||false|false&#8220;][et_pb_row column_structure=&#8220;1_2,1_2&#8243; _builder_version=&#8220;4.9.0&#8243; _module_preset=&#8220;default&#8220;][et_pb_column type=&#8220;1_2&#8243; _builder_version=&#8220;4.9.0&#8243; _module_preset=&#8220;default&#8220;][et_pb_text _builder_version=&#8220;4.9.0&#8243; _module_preset=&#8220;default&#8220; header_font=&#8220;Patua One||||||||&#8220; header_font_size=&#8220;50px&#8220; header_font_size_tablet=&#8220;42px&#8220; header_font_size_phone=&#8220;30px&#8220; header_font_size_last_edited=&#8220;on|desktop&#8220;]<\/p>\n<h1>Vertriebsnetz<\/h1>\n<p>[\/et_pb_text][et_pb_divider color=&#8220;#0C71C3&#8243; divider_weight=&#8220;5px&#8220; _builder_version=&#8220;4.9.0&#8243; _module_preset=&#8220;default&#8220; width=&#8220;40%&#8220; custom_margin=&#8220;||10px||false|false&#8220;][\/et_pb_divider][et_pb_text _builder_version=&#8220;4.9.0&#8243; _module_preset=&#8220;default&#8220; text_font=&#8220;Patua One||||||||&#8220; text_text_color=&#8220;#0A0002&#8243; text_font_size=&#8220;24px&#8220; text_line_height=&#8220;1.2em&#8220;]<\/p>\n<p>FLUXMEDICARE\u00ae zur Behandlung von Hautkrebsvorstufen, ist in Europa \u00fcber ein Netz von spezialisierten Vertriebspartnern f\u00fcr medizinische Fachkr\u00e4fte (Dermatologen, Onkologen, Universit\u00e4tskliniken, Kliniken, Laserzentren) erh\u00e4ltlich.<\/p>\n<p>[\/et_pb_text][et_pb_text _builder_version=&#8220;4.9.0&#8243; _module_preset=&#8220;default&#8220; text_font=&#8220;Assistant||||||||&#8220; text_font_size=&#8220;16px&#8220; text_line_height=&#8220;1.6em&#8220;]<\/p>\n<p>MDB Texinov\u00ae st\u00fctzt sich auf diese Partnerschaften, um eine ma\u00dfgeschneiderte, praxisnahe Unterst\u00fctzung zu gew\u00e4hrleisten.<\/p>\n<p>[\/et_pb_text][\/et_pb_column][et_pb_column type=&#8220;1_2&#8243; _builder_version=&#8220;4.9.0&#8243; _module_preset=&#8220;default&#8220;][et_pb_image src=&#8220;https:\/\/www.fluxmedicare.fr\/wp-content\/uploads\/2021\/03\/DSC_3679_2.jpg&#8220; title_text=&#8220;DSC_3679_2&#8243; _builder_version=&#8220;4.9.0&#8243; _module_preset=&#8220;default&#8220; animation_style=&#8220;slide&#8220; animation_direction=&#8220;right&#8220; animation_intensity_slide=&#8220;10%&#8220; box_shadow_style=&#8220;preset4&#8243; box_shadow_horizontal=&#8220;40px&#8220; box_shadow_vertical=&#8220;40px&#8220; box_shadow_color=&#8220;#0C71C3&#8243;][\/et_pb_image][\/et_pb_column][\/et_pb_row][\/et_pb_section][et_pb_section fb_built=&#8220;1&#8243; _builder_version=&#8220;4.9.0&#8243; _module_preset=&#8220;default&#8220; custom_padding=&#8220;0px|||||&#8220;][et_pb_row _builder_version=&#8220;4.9.0&#8243; _module_preset=&#8220;default&#8220;][et_pb_column type=&#8220;4_4&#8243; _builder_version=&#8220;4.9.0&#8243; _module_preset=&#8220;default&#8220;][et_pb_text _builder_version=&#8220;4.9.0&#8243; _module_preset=&#8220;default&#8220; header_2_font=&#8220;Patua One||||||||&#8220; header_2_text_align=&#8220;center&#8220; header_2_text_color=&#8220;#4AC3CD&#8220; header_3_font=&#8220;Patua One||||||||&#8220; header_3_text_align=&#8220;center&#8220;]<\/p>\n<h2>Sind Sie an einer Demonstration der FLUXMEDICARE\u00ae-L\u00f6sung interessiert?<\/h2>\n<p>[\/et_pb_text][et_pb_divider color=&#8220;#0C71C3&#8243; divider_weight=&#8220;5px&#8220; _builder_version=&#8220;4.9.0&#8243; _module_preset=&#8220;default&#8220; width=&#8220;130px&#8220; module_alignment=&#8220;center&#8220;][\/et_pb_divider][\/et_pb_column][\/et_pb_row][et_pb_row column_structure=&#8220;1_2,1_2&#8243; _builder_version=&#8220;4.9.0&#8243; _module_preset=&#8220;default&#8220;][et_pb_column type=&#8220;1_2&#8243; _builder_version=&#8220;4.9.0&#8243; _module_preset=&#8220;default&#8220;][et_pb_text _builder_version=&#8220;4.9.0&#8243; _module_preset=&#8220;default&#8220; text_font=&#8220;Assistant||||||||&#8220; text_text_color=&#8220;#0A0002&#8243; text_font_size=&#8220;16px&#8220; text_line_height=&#8220;1.3em&#8220; header_3_font=&#8220;Patua One||||||||&#8220; header_3_text_color=&#8220;#0C71C3&#8243; header_3_font_size=&#8220;18px&#8220;]<\/p>\n<h3>Bitte kontaktieren Sie unsere Vertriebspartner:<\/h3>\n<p>[\/et_pb_text][et_pb_button button_url=&#8220;https:\/\/fritsch-medical.fr\/contactez-nous&#8220; button_text=&#8220;Vertriebspartner in Frankreich, Belgien und Luxemburg&#8220; button_alignment=&#8220;left&#8220; _builder_version=&#8220;4.9.0&#8243; _module_preset=&#8220;default&#8220; custom_button=&#8220;on&#8220; button_text_size=&#8220;16px&#8220;][\/et_pb_button][et_pb_button button_url=&#8220;@ET-DC@eyJkeW5hbWljIjp0cnVlLCJjb250ZW50IjoicG9zdF9saW5rX3VybF9wYWdlIiwic2V0dGluZ3MiOnsicG9zdF9pZCI6IjE1MzIifX0=@&#8220; button_text=&#8220;Kontakt f\u00fcr Deutschland&#8220; button_alignment=&#8220;left&#8220; _builder_version=&#8220;4.9.0&#8243; _module_preset=&#8220;default&#8220; custom_button=&#8220;on&#8220; button_text_size=&#8220;16px&#8220; hover_enabled=&#8220;0&#8243; _dynamic_attributes=&#8220;button_url&#8220; sticky_enabled=&#8220;0&#8243;][\/et_pb_button][\/et_pb_column][et_pb_column type=&#8220;1_2&#8243; _builder_version=&#8220;4.9.0&#8243; _module_preset=&#8220;default&#8220;][et_pb_text _builder_version=&#8220;4.9.0&#8243; _module_preset=&#8220;default&#8220; text_font=&#8220;Assistant||||||||&#8220; text_text_color=&#8220;#0A0002&#8243; text_font_size=&#8220;16px&#8220; text_line_height=&#8220;1.3em&#8220; header_3_font=&#8220;Patua One||||||||&#8220; header_3_text_color=&#8220;#0C71C3&#8243; header_3_font_size=&#8220;18px&#8220;]<\/p>\n<h3>Kein Vertriebspartner in Ihrem Land? Kontakt<\/h3>\n<p>[\/et_pb_text][et_pb_text _builder_version=&#8220;4.9.0&#8243; _module_preset=&#8220;default&#8220; text_font_size=&#8220;16px&#8220; header_4_font=&#8220;Patua One||||||||&#8220; header_4_text_color=&#8220;#4AC3CD&#8220;]<\/p>\n<h4>M\u00f6chten Sie Vertriebspartner f\u00fcr FLUXMEDICARE\u00ae werden?<\/h4>\n<p>MDB Texinov\u00ae setzt auf Partnerschaften mit Medizinproduktevertreibern, um Dermatologen bei ihren photodynamischen Therapien (PDT) mit der FLUXMEDICARE\u00ae-L\u00f6sung zu unterst\u00fctzen.<\/p>\n<p>[\/et_pb_text][et_pb_button button_url=&#8220;@ET-DC@eyJkeW5hbWljIjp0cnVlLCJjb250ZW50IjoicG9zdF9saW5rX3VybF9wYWdlIiwic2V0dGluZ3MiOnsicG9zdF9pZCI6IjE1MzIifX0=@&#8220; button_text=&#8220;Kontakt&#8220; _builder_version=&#8220;4.9.0&#8243; _dynamic_attributes=&#8220;button_url&#8220; _module_preset=&#8220;default&#8220; custom_button=&#8220;on&#8220; button_text_size=&#8220;18px&#8220; button_text_color=&#8220;#FFFFFF&#8220; button_bg_color=&#8220;#0C71C3&#8243; button_border_width=&#8220;0px&#8220; button_border_radius=&#8220;5px&#8220;][\/et_pb_button][\/et_pb_column][\/et_pb_row][\/et_pb_section]<\/p>\n","protected":false},"excerpt":{"rendered":"<p>VertriebsnetzFLUXMEDICARE\u00ae zur Behandlung von Hautkrebsvorstufen, ist in Europa \u00fcber ein Netz von spezialisierten Vertriebspartnern f\u00fcr medizinische Fachkr\u00e4fte (Dermatologen, Onkologen, Universit\u00e4tskliniken, Kliniken, Laserzentren) erh\u00e4ltlich.MDB Texinov\u00ae st\u00fctzt sich auf diese Partnerschaften, um eine ma\u00dfgeschneiderte, praxisnahe Unterst\u00fctzung zu gew\u00e4hrleisten.Sind Sie an einer Demonstration der FLUXMEDICARE\u00ae-L\u00f6sung interessiert?Bitte kontaktieren Sie unsere Vertriebspartner:Kein Vertriebspartner in Ihrem Land? KontaktM\u00f6chten Sie Vertriebspartner f\u00fcr [&hellip;]<\/p>\n","protected":false},"author":1,"featured_media":0,"parent":0,"menu_order":0,"comment_status":"closed","ping_status":"closed","template":"","meta":{"_et_pb_use_builder":"on","_et_pb_old_content":"","_et_gb_content_width":"","_exactmetrics_skip_tracking":false,"_exactmetrics_sitenote_active":false,"_exactmetrics_sitenote_note":"","_exactmetrics_sitenote_category":0,"footnotes":""},"class_list":["post-1528","page","type-page","status-publish","hentry"],"yoast_head":"<!-- This site is optimized with the Yoast SEO plugin v23.2 - https:\/\/yoast.com\/wordpress\/plugins\/seo\/ -->\n<title>Vertriebsnetz &#8226; Fluxmedicare\u00ae<\/title>\n<meta name=\"robots\" content=\"index, follow, max-snippet:-1, max-image-preview:large, max-video-preview:-1\" \/>\n<link rel=\"canonical\" href=\"https:\/\/www.fluxmedicare.fr\/distribution\/\" \/>\n<meta property=\"og:locale\" content=\"de_DE\" \/>\n<meta property=\"og:type\" content=\"article\" \/>\n<meta property=\"og:title\" content=\"Vertriebsnetz &#8226; Fluxmedicare\u00ae\" \/>\n<meta property=\"og:description\" content=\"VertriebsnetzFLUXMEDICARE\u00ae zur Behandlung von Hautkrebsvorstufen, ist in Europa \u00fcber ein Netz von spezialisierten Vertriebspartnern f\u00fcr medizinische Fachkr\u00e4fte (Dermatologen, Onkologen, Universit\u00e4tskliniken, Kliniken, Laserzentren) erh\u00e4ltlich.MDB Texinov\u00ae st\u00fctzt sich auf diese Partnerschaften, um eine ma\u00dfgeschneiderte, praxisnahe Unterst\u00fctzung zu gew\u00e4hrleisten.Sind Sie an einer Demonstration der FLUXMEDICARE\u00ae-L\u00f6sung interessiert?Bitte kontaktieren Sie unsere Vertriebspartner:Kein Vertriebspartner in Ihrem Land? KontaktM\u00f6chten Sie Vertriebspartner f\u00fcr [&hellip;]\" \/>\n<meta property=\"og:url\" content=\"https:\/\/www.fluxmedicare.fr\/distribution\/\" \/>\n<meta property=\"og:site_name\" content=\"Fluxmedicare\u00ae\" \/>\n<meta property=\"article:modified_time\" content=\"2024-01-29T07:54:49+00:00\" \/>\n<meta name=\"twitter:card\" content=\"summary_large_image\" \/>\n<script type=\"application\/ld+json\" class=\"yoast-schema-graph\">{\"@context\":\"https:\/\/schema.org\",\"@graph\":[{\"@type\":\"WebPage\",\"@id\":\"https:\/\/www.fluxmedicare.fr\/distribution\/\",\"url\":\"https:\/\/www.fluxmedicare.fr\/distribution\/\",\"name\":\"Vertriebsnetz &#8226; Fluxmedicare\u00ae\",\"isPartOf\":{\"@id\":\"https:\/\/www.fluxmedicare.fr\/#website\"},\"datePublished\":\"2021-03-08T14:27:04+00:00\",\"dateModified\":\"2024-01-29T07:54:49+00:00\",\"breadcrumb\":{\"@id\":\"https:\/\/www.fluxmedicare.fr\/distribution\/#breadcrumb\"},\"inLanguage\":\"de\",\"potentialAction\":[{\"@type\":\"ReadAction\",\"target\":[\"https:\/\/www.fluxmedicare.fr\/distribution\/\"]}]},{\"@type\":\"BreadcrumbList\",\"@id\":\"https:\/\/www.fluxmedicare.fr\/distribution\/#breadcrumb\",\"itemListElement\":[{\"@type\":\"ListItem\",\"position\":1,\"name\":\"Accueil\",\"item\":\"https:\/\/www.fluxmedicare.fr\/de\/\"},{\"@type\":\"ListItem\",\"position\":2,\"name\":\"Vertriebsnetz\"}]},{\"@type\":\"WebSite\",\"@id\":\"https:\/\/www.fluxmedicare.fr\/#website\",\"url\":\"https:\/\/www.fluxmedicare.fr\/\",\"name\":\"Fluxmedicare\u00ae\",\"description\":\"Dispositif de Phototh\u00e9rapie dynamique pour le traitement des k\u00e9ratoses actiniques par PDT Textile\",\"publisher\":{\"@id\":\"https:\/\/www.fluxmedicare.fr\/#organization\"},\"potentialAction\":[{\"@type\":\"SearchAction\",\"target\":{\"@type\":\"EntryPoint\",\"urlTemplate\":\"https:\/\/www.fluxmedicare.fr\/?s={search_term_string}\"},\"query-input\":\"required name=search_term_string\"}],\"inLanguage\":\"de\"},{\"@type\":\"Organization\",\"@id\":\"https:\/\/www.fluxmedicare.fr\/#organization\",\"name\":\"Fluxmedicare\u00ae\",\"url\":\"https:\/\/www.fluxmedicare.fr\/\",\"logo\":{\"@type\":\"ImageObject\",\"inLanguage\":\"de\",\"@id\":\"https:\/\/www.fluxmedicare.fr\/#\/schema\/logo\/image\/\",\"url\":\"https:\/\/www.fluxmedicare.fr\/wp-content\/uploads\/2019\/09\/logo_fluxmedicare.png\",\"contentUrl\":\"https:\/\/www.fluxmedicare.fr\/wp-content\/uploads\/2019\/09\/logo_fluxmedicare.png\",\"width\":496,\"height\":156,\"caption\":\"Fluxmedicare\u00ae\"},\"image\":{\"@id\":\"https:\/\/www.fluxmedicare.fr\/#\/schema\/logo\/image\/\"}}]}<\/script>\n<!-- \/ Yoast SEO plugin. -->","yoast_head_json":{"title":"Vertriebsnetz &#8226; Fluxmedicare\u00ae","robots":{"index":"index","follow":"follow","max-snippet":"max-snippet:-1","max-image-preview":"max-image-preview:large","max-video-preview":"max-video-preview:-1"},"canonical":"https:\/\/www.fluxmedicare.fr\/distribution\/","og_locale":"de_DE","og_type":"article","og_title":"Vertriebsnetz &#8226; Fluxmedicare\u00ae","og_description":"VertriebsnetzFLUXMEDICARE\u00ae zur Behandlung von Hautkrebsvorstufen, ist in Europa \u00fcber ein Netz von spezialisierten Vertriebspartnern f\u00fcr medizinische Fachkr\u00e4fte (Dermatologen, Onkologen, Universit\u00e4tskliniken, Kliniken, Laserzentren) erh\u00e4ltlich.MDB Texinov\u00ae st\u00fctzt sich auf diese Partnerschaften, um eine ma\u00dfgeschneiderte, praxisnahe Unterst\u00fctzung zu gew\u00e4hrleisten.Sind Sie an einer Demonstration der FLUXMEDICARE\u00ae-L\u00f6sung interessiert?Bitte kontaktieren Sie unsere Vertriebspartner:Kein Vertriebspartner in Ihrem Land? KontaktM\u00f6chten Sie Vertriebspartner f\u00fcr [&hellip;]","og_url":"https:\/\/www.fluxmedicare.fr\/distribution\/","og_site_name":"Fluxmedicare\u00ae","article_modified_time":"2024-01-29T07:54:49+00:00","twitter_card":"summary_large_image","schema":{"@context":"https:\/\/schema.org","@graph":[{"@type":"WebPage","@id":"https:\/\/www.fluxmedicare.fr\/distribution\/","url":"https:\/\/www.fluxmedicare.fr\/distribution\/","name":"Vertriebsnetz &#8226; Fluxmedicare\u00ae","isPartOf":{"@id":"https:\/\/www.fluxmedicare.fr\/#website"},"datePublished":"2021-03-08T14:27:04+00:00","dateModified":"2024-01-29T07:54:49+00:00","breadcrumb":{"@id":"https:\/\/www.fluxmedicare.fr\/distribution\/#breadcrumb"},"inLanguage":"de","potentialAction":[{"@type":"ReadAction","target":["https:\/\/www.fluxmedicare.fr\/distribution\/"]}]},{"@type":"BreadcrumbList","@id":"https:\/\/www.fluxmedicare.fr\/distribution\/#breadcrumb","itemListElement":[{"@type":"ListItem","position":1,"name":"Accueil","item":"https:\/\/www.fluxmedicare.fr\/de\/"},{"@type":"ListItem","position":2,"name":"Vertriebsnetz"}]},{"@type":"WebSite","@id":"https:\/\/www.fluxmedicare.fr\/#website","url":"https:\/\/www.fluxmedicare.fr\/","name":"Fluxmedicare\u00ae","description":"Dispositif de Phototh\u00e9rapie dynamique pour le traitement des k\u00e9ratoses actiniques par PDT Textile","publisher":{"@id":"https:\/\/www.fluxmedicare.fr\/#organization"},"potentialAction":[{"@type":"SearchAction","target":{"@type":"EntryPoint","urlTemplate":"https:\/\/www.fluxmedicare.fr\/?s={search_term_string}"},"query-input":"required name=search_term_string"}],"inLanguage":"de"},{"@type":"Organization","@id":"https:\/\/www.fluxmedicare.fr\/#organization","name":"Fluxmedicare\u00ae","url":"https:\/\/www.fluxmedicare.fr\/","logo":{"@type":"ImageObject","inLanguage":"de","@id":"https:\/\/www.fluxmedicare.fr\/#\/schema\/logo\/image\/","url":"https:\/\/www.fluxmedicare.fr\/wp-content\/uploads\/2019\/09\/logo_fluxmedicare.png","contentUrl":"https:\/\/www.fluxmedicare.fr\/wp-content\/uploads\/2019\/09\/logo_fluxmedicare.png","width":496,"height":156,"caption":"Fluxmedicare\u00ae"},"image":{"@id":"https:\/\/www.fluxmedicare.fr\/#\/schema\/logo\/image\/"}}]}},"_links":{"self":[{"href":"https:\/\/www.fluxmedicare.fr\/de\/wp-json\/wp\/v2\/pages\/1528"}],"collection":[{"href":"https:\/\/www.fluxmedicare.fr\/de\/wp-json\/wp\/v2\/pages"}],"about":[{"href":"https:\/\/www.fluxmedicare.fr\/de\/wp-json\/wp\/v2\/types\/page"}],"author":[{"embeddable":true,"href":"https:\/\/www.fluxmedicare.fr\/de\/wp-json\/wp\/v2\/users\/1"}],"replies":[{"embeddable":true,"href":"https:\/\/www.fluxmedicare.fr\/de\/wp-json\/wp\/v2\/comments?post=1528"}],"version-history":[{"count":5,"href":"https:\/\/www.fluxmedicare.fr\/de\/wp-json\/wp\/v2\/pages\/1528\/revisions"}],"predecessor-version":[{"id":1952,"href":"https:\/\/www.fluxmedicare.fr\/de\/wp-json\/wp\/v2\/pages\/1528\/revisions\/1952"}],"wp:attachment":[{"href":"https:\/\/www.fluxmedicare.fr\/de\/wp-json\/wp\/v2\/media?parent=1528"}],"curies":[{"name":"wp","href":"https:\/\/api.w.org\/{rel}","templated":true}]}}